
{"id":33616,"date":"2024-06-02T13:24:12","date_gmt":"2024-06-02T11:24:12","guid":{"rendered":"https:\/\/trackandfieldclothes.com\/?post_type=product&#038;p=33616"},"modified":"2025-07-10T10:58:40","modified_gmt":"2025-07-10T08:58:40","slug":"nike-2024-pro-elite-team-w-half-zip-jersey","status":"publish","type":"product","link":"https:\/\/trackandfieldclothes.com\/pt\/nike-2024-pro-elite-team-w-half-zip-jersey\/","title":{"rendered":"Nike 2024 Pro Elite Team W Half Zip Jersey"},"content":{"rendered":"","protected":false},"excerpt":{"rendered":"<p>The same ones used by the professional athletes contracted by the <strong>Nike International Team<\/strong> during the <strong>2024<\/strong> season.<\/p>\n<blockquote><p><em>O design do kit deste ano foi inspirado na transi\u00e7\u00e3o de tons neutros frios e escuros para tons vibrantes e alegres de neon difuso. Abra\u00e7ando a repeti\u00e7\u00e3o necess\u00e1ria para atingir os n\u00edveis de desempenho de um atleta de elite.<\/em><\/p><\/blockquote>\n<ul>\n<li><strong>100% Aut\u00eantico<\/strong><\/li>\n<li>Color: Smoke Grey \/ Luminous Green<\/li>\n<li>89% Polyester &#8211; 11% Spandex<\/li>\n<li>Dri-Fit<\/li>\n<li>Thumb holes for a perfect fit<\/li>\n<li>Zip closure at chest<\/li>\n<li>Warm material<\/li>\n<li>Perfect condition. Like new<\/li>\n<li>Feito no Camboja<\/li>\n<\/ul>","protected":false},"featured_media":33618,"template":"","meta":[],"product_brand":[402],"product_cat":[309,310,311,15,298],"product_tag":[410,466,412],"giftcard-category":[],"class_list":{"0":"post-33616","1":"product","2":"type-product","3":"status-publish","4":"has-post-thumbnail","6":"product_brand-nike","7":"product_cat-women","8":"product_cat-pro-elite-teams","9":"product_cat-nike-pro-elite-team","10":"product_cat-clothes","11":"product_cat-jerseys","12":"product_tag-clothes","13":"product_tag-nike-2024","14":"product_tag-women","16":"first","17":"outofstock","18":"sale","19":"shipping-taxable","20":"purchasable","21":"product-type-variable","22":"has-default-attributes"},"yoast_head":"<!-- This site is optimized with the Yoast SEO plugin v25.7 - https:\/\/yoast.com\/wordpress\/plugins\/seo\/ -->\n<title>Nike 2024 Pro Elite Team W Half Zip Jersey | Trackandfieldclothes<\/title>\n<meta name=\"robots\" content=\"index, follow, max-snippet:-1, max-image-preview:large, max-video-preview:-1\" \/>\n<link rel=\"canonical\" href=\"https:\/\/trackandfieldclothes.com\/pt\/nike-2024-pro-elite-team-w-half-zip-jersey\/\" \/>\n<meta property=\"og:locale\" content=\"pt_PT\" \/>\n<meta property=\"og:type\" content=\"article\" \/>\n<meta property=\"og:title\" content=\"Nike 2024 Pro Elite Team W Half Zip Jersey | Trackandfieldclothes\" \/>\n<meta property=\"og:description\" content=\"The same ones used by the professional athletes contracted by the Nike International Team during the 2024 season. This year&#039;s kit design was inspired by Dusky cool neutrals transition into vibrant joyful shades of diffused neon&#039;s. Embracing the repetition it takes to reach the levels of performance of an elite athlete.   100% Authentic  Color: Smoke Grey \/ Luminous Green  89% Polyester - 11% Spandex  Dri-Fit  Thumb holes for a perfect fit  Zip closure at chest  Warm material  Perfect condition. Like new  Made in Cambodia\" \/>\n<meta property=\"og:url\" content=\"https:\/\/trackandfieldclothes.com\/pt\/nike-2024-pro-elite-team-w-half-zip-jersey\/\" \/>\n<meta property=\"og:site_name\" content=\"Trackandfieldclothes\" \/>\n<meta property=\"article:publisher\" content=\"https:\/\/www.facebook.com\/TrackandFieldClothes\" \/>\n<meta property=\"article:modified_time\" content=\"2025-07-10T08:58:40+00:00\" \/>\n<meta property=\"og:image\" content=\"https:\/\/trackandfieldclothes.com\/wp-content\/uploads\/2025\/03\/7F68D4D9-9DC4-41C6-AD4A-53D7CC655BEB.jpg\" \/>\n\t<meta property=\"og:image:width\" content=\"1290\" \/>\n\t<meta property=\"og:image:height\" content=\"1279\" \/>\n\t<meta property=\"og:image:type\" content=\"image\/jpeg\" \/>\n<meta name=\"twitter:card\" content=\"summary_large_image\" \/>\n<meta name=\"twitter:label1\" content=\"Tempo estimado de leitura\" \/>\n\t<meta name=\"twitter:data1\" content=\"1 minuto\" \/>\n<script type=\"application\/ld+json\" class=\"yoast-schema-graph\">{\"@context\":\"https:\/\/schema.org\",\"@graph\":[{\"@type\":\"WebPage\",\"@id\":\"https:\/\/trackandfieldclothes.com\/nike-2024-pro-elite-team-w-half-zip-jersey\/\",\"url\":\"https:\/\/trackandfieldclothes.com\/nike-2024-pro-elite-team-w-half-zip-jersey\/\",\"name\":\"Nike 2024 Pro Elite Team W Half Zip Jersey | Trackandfieldclothes\",\"isPartOf\":{\"@id\":\"https:\/\/trackandfieldclothes.com\/#website\"},\"primaryImageOfPage\":{\"@id\":\"https:\/\/trackandfieldclothes.com\/nike-2024-pro-elite-team-w-half-zip-jersey\/#primaryimage\"},\"image\":{\"@id\":\"https:\/\/trackandfieldclothes.com\/nike-2024-pro-elite-team-w-half-zip-jersey\/#primaryimage\"},\"thumbnailUrl\":\"https:\/\/trackandfieldclothes.com\/wp-content\/uploads\/2025\/03\/7F68D4D9-9DC4-41C6-AD4A-53D7CC655BEB.jpg\",\"datePublished\":\"2024-06-02T11:24:12+00:00\",\"dateModified\":\"2025-07-10T08:58:40+00:00\",\"breadcrumb\":{\"@id\":\"https:\/\/trackandfieldclothes.com\/nike-2024-pro-elite-team-w-half-zip-jersey\/#breadcrumb\"},\"inLanguage\":\"pt-PT\",\"potentialAction\":[{\"@type\":\"ReadAction\",\"target\":[\"https:\/\/trackandfieldclothes.com\/nike-2024-pro-elite-team-w-half-zip-jersey\/\"]}]},{\"@type\":\"ImageObject\",\"inLanguage\":\"pt-PT\",\"@id\":\"https:\/\/trackandfieldclothes.com\/nike-2024-pro-elite-team-w-half-zip-jersey\/#primaryimage\",\"url\":\"https:\/\/trackandfieldclothes.com\/wp-content\/uploads\/2025\/03\/7F68D4D9-9DC4-41C6-AD4A-53D7CC655BEB.jpg\",\"contentUrl\":\"https:\/\/trackandfieldclothes.com\/wp-content\/uploads\/2025\/03\/7F68D4D9-9DC4-41C6-AD4A-53D7CC655BEB.jpg\",\"width\":1290,\"height\":1279,\"caption\":\"NIKE 2024 PRO ELITE TEAM W HALF ZIP JERSEY - FD5900-003\"},{\"@type\":\"BreadcrumbList\",\"@id\":\"https:\/\/trackandfieldclothes.com\/nike-2024-pro-elite-team-w-half-zip-jersey\/#breadcrumb\",\"itemListElement\":[{\"@type\":\"ListItem\",\"position\":1,\"name\":\"Home\",\"item\":\"https:\/\/trackandfieldclothes.com\/\"},{\"@type\":\"ListItem\",\"position\":2,\"name\":\"Shop\",\"item\":\"https:\/\/trackandfieldclothes.com\/shop\/\"},{\"@type\":\"ListItem\",\"position\":3,\"name\":\"Nike 2024 Pro Elite Team W Half Zip Jersey\"}]},{\"@type\":\"WebSite\",\"@id\":\"https:\/\/trackandfieldclothes.com\/#website\",\"url\":\"https:\/\/trackandfieldclothes.com\/\",\"name\":\"Trackandfieldclothes\",\"description\":\"Trackandfieldclothes\",\"publisher\":{\"@id\":\"https:\/\/trackandfieldclothes.com\/#organization\"},\"potentialAction\":[{\"@type\":\"SearchAction\",\"target\":{\"@type\":\"EntryPoint\",\"urlTemplate\":\"https:\/\/trackandfieldclothes.com\/?s={search_term_string}\"},\"query-input\":{\"@type\":\"PropertyValueSpecification\",\"valueRequired\":true,\"valueName\":\"search_term_string\"}}],\"inLanguage\":\"pt-PT\"},{\"@type\":\"Organization\",\"@id\":\"https:\/\/trackandfieldclothes.com\/#organization\",\"name\":\"Trackandfieldclothes\",\"url\":\"https:\/\/trackandfieldclothes.com\/\",\"logo\":{\"@type\":\"ImageObject\",\"inLanguage\":\"pt-PT\",\"@id\":\"https:\/\/trackandfieldclothes.com\/#\/schema\/logo\/image\/\",\"url\":\"https:\/\/trackandfieldclothes.com\/wp-content\/uploads\/2022\/03\/logo-sin-fondo-2-2.jpg\",\"contentUrl\":\"https:\/\/trackandfieldclothes.com\/wp-content\/uploads\/2022\/03\/logo-sin-fondo-2-2.jpg\",\"width\":300,\"height\":300,\"caption\":\"Trackandfieldclothes\"},\"image\":{\"@id\":\"https:\/\/trackandfieldclothes.com\/#\/schema\/logo\/image\/\"},\"sameAs\":[\"https:\/\/www.facebook.com\/TrackandFieldClothes\",\"https:\/\/www.instagram.com\/trackandfieldclothes\"]}]}<\/script>\n<!-- \/ Yoast SEO plugin. -->","yoast_head_json":{"title":"Nike 2024 Pro Elite Team W Half Zip Jersey | Trackandfieldclothes","robots":{"index":"index","follow":"follow","max-snippet":"max-snippet:-1","max-image-preview":"max-image-preview:large","max-video-preview":"max-video-preview:-1"},"canonical":"https:\/\/trackandfieldclothes.com\/pt\/nike-2024-pro-elite-team-w-half-zip-jersey\/","og_locale":"pt_PT","og_type":"article","og_title":"Nike 2024 Pro Elite Team W Half Zip Jersey | Trackandfieldclothes","og_description":"The same ones used by the professional athletes contracted by the Nike International Team during the 2024 season. This year's kit design was inspired by Dusky cool neutrals transition into vibrant joyful shades of diffused neon's. Embracing the repetition it takes to reach the levels of performance of an elite athlete.   100% Authentic  Color: Smoke Grey \/ Luminous Green  89% Polyester - 11% Spandex  Dri-Fit  Thumb holes for a perfect fit  Zip closure at chest  Warm material  Perfect condition. Like new  Made in Cambodia","og_url":"https:\/\/trackandfieldclothes.com\/pt\/nike-2024-pro-elite-team-w-half-zip-jersey\/","og_site_name":"Trackandfieldclothes","article_publisher":"https:\/\/www.facebook.com\/TrackandFieldClothes","article_modified_time":"2025-07-10T08:58:40+00:00","og_image":[{"width":1290,"height":1279,"url":"https:\/\/trackandfieldclothes.com\/wp-content\/uploads\/2025\/03\/7F68D4D9-9DC4-41C6-AD4A-53D7CC655BEB.jpg","type":"image\/jpeg"}],"twitter_card":"summary_large_image","twitter_misc":{"Tempo estimado de leitura":"1 minuto"},"schema":{"@context":"https:\/\/schema.org","@graph":[{"@type":"WebPage","@id":"https:\/\/trackandfieldclothes.com\/nike-2024-pro-elite-team-w-half-zip-jersey\/","url":"https:\/\/trackandfieldclothes.com\/nike-2024-pro-elite-team-w-half-zip-jersey\/","name":"Nike 2024 Pro Elite Team W Half Zip Jersey | Trackandfieldclothes","isPartOf":{"@id":"https:\/\/trackandfieldclothes.com\/#website"},"primaryImageOfPage":{"@id":"https:\/\/trackandfieldclothes.com\/nike-2024-pro-elite-team-w-half-zip-jersey\/#primaryimage"},"image":{"@id":"https:\/\/trackandfieldclothes.com\/nike-2024-pro-elite-team-w-half-zip-jersey\/#primaryimage"},"thumbnailUrl":"https:\/\/trackandfieldclothes.com\/wp-content\/uploads\/2025\/03\/7F68D4D9-9DC4-41C6-AD4A-53D7CC655BEB.jpg","datePublished":"2024-06-02T11:24:12+00:00","dateModified":"2025-07-10T08:58:40+00:00","breadcrumb":{"@id":"https:\/\/trackandfieldclothes.com\/nike-2024-pro-elite-team-w-half-zip-jersey\/#breadcrumb"},"inLanguage":"pt-PT","potentialAction":[{"@type":"ReadAction","target":["https:\/\/trackandfieldclothes.com\/nike-2024-pro-elite-team-w-half-zip-jersey\/"]}]},{"@type":"ImageObject","inLanguage":"pt-PT","@id":"https:\/\/trackandfieldclothes.com\/nike-2024-pro-elite-team-w-half-zip-jersey\/#primaryimage","url":"https:\/\/trackandfieldclothes.com\/wp-content\/uploads\/2025\/03\/7F68D4D9-9DC4-41C6-AD4A-53D7CC655BEB.jpg","contentUrl":"https:\/\/trackandfieldclothes.com\/wp-content\/uploads\/2025\/03\/7F68D4D9-9DC4-41C6-AD4A-53D7CC655BEB.jpg","width":1290,"height":1279,"caption":"NIKE 2024 PRO ELITE TEAM W HALF ZIP JERSEY - FD5900-003"},{"@type":"BreadcrumbList","@id":"https:\/\/trackandfieldclothes.com\/nike-2024-pro-elite-team-w-half-zip-jersey\/#breadcrumb","itemListElement":[{"@type":"ListItem","position":1,"name":"Home","item":"https:\/\/trackandfieldclothes.com\/"},{"@type":"ListItem","position":2,"name":"Shop","item":"https:\/\/trackandfieldclothes.com\/shop\/"},{"@type":"ListItem","position":3,"name":"Nike 2024 Pro Elite Team W Half Zip Jersey"}]},{"@type":"WebSite","@id":"https:\/\/trackandfieldclothes.com\/#website","url":"https:\/\/trackandfieldclothes.com\/","name":"Trackandfieldclothes","description":"Trackandfieldclothes","publisher":{"@id":"https:\/\/trackandfieldclothes.com\/#organization"},"potentialAction":[{"@type":"SearchAction","target":{"@type":"EntryPoint","urlTemplate":"https:\/\/trackandfieldclothes.com\/?s={search_term_string}"},"query-input":{"@type":"PropertyValueSpecification","valueRequired":true,"valueName":"search_term_string"}}],"inLanguage":"pt-PT"},{"@type":"Organization","@id":"https:\/\/trackandfieldclothes.com\/#organization","name":"Trackandfieldclothes","url":"https:\/\/trackandfieldclothes.com\/","logo":{"@type":"ImageObject","inLanguage":"pt-PT","@id":"https:\/\/trackandfieldclothes.com\/#\/schema\/logo\/image\/","url":"https:\/\/trackandfieldclothes.com\/wp-content\/uploads\/2022\/03\/logo-sin-fondo-2-2.jpg","contentUrl":"https:\/\/trackandfieldclothes.com\/wp-content\/uploads\/2022\/03\/logo-sin-fondo-2-2.jpg","width":300,"height":300,"caption":"Trackandfieldclothes"},"image":{"@id":"https:\/\/trackandfieldclothes.com\/#\/schema\/logo\/image\/"},"sameAs":["https:\/\/www.facebook.com\/TrackandFieldClothes","https:\/\/www.instagram.com\/trackandfieldclothes"]}]}},"jetpack_sharing_enabled":true,"_links":{"self":[{"href":"https:\/\/trackandfieldclothes.com\/pt\/wp-json\/wp\/v2\/product\/33616","targetHints":{"allow":["GET"]}}],"collection":[{"href":"https:\/\/trackandfieldclothes.com\/pt\/wp-json\/wp\/v2\/product"}],"about":[{"href":"https:\/\/trackandfieldclothes.com\/pt\/wp-json\/wp\/v2\/types\/product"}],"version-history":[{"count":0,"href":"https:\/\/trackandfieldclothes.com\/pt\/wp-json\/wp\/v2\/product\/33616\/revisions"}],"wp:featuredmedia":[{"embeddable":true,"href":"https:\/\/trackandfieldclothes.com\/pt\/wp-json\/wp\/v2\/media\/33618"}],"wp:attachment":[{"href":"https:\/\/trackandfieldclothes.com\/pt\/wp-json\/wp\/v2\/media?parent=33616"}],"wp:term":[{"taxonomy":"product_brand","embeddable":true,"href":"https:\/\/trackandfieldclothes.com\/pt\/wp-json\/wp\/v2\/product_brand?post=33616"},{"taxonomy":"product_cat","embeddable":true,"href":"https:\/\/trackandfieldclothes.com\/pt\/wp-json\/wp\/v2\/product_cat?post=33616"},{"taxonomy":"product_tag","embeddable":true,"href":"https:\/\/trackandfieldclothes.com\/pt\/wp-json\/wp\/v2\/product_tag?post=33616"},{"taxonomy":"giftcard-category","embeddable":true,"href":"https:\/\/trackandfieldclothes.com\/pt\/wp-json\/wp\/v2\/giftcard-category?post=33616"}],"curies":[{"name":"wp","href":"https:\/\/api.w.org\/{rel}","templated":true}]}}