
{"id":27421,"date":"2024-06-02T13:41:06","date_gmt":"2024-06-02T11:41:06","guid":{"rendered":"https:\/\/trackandfieldclothes.com\/?post_type=product&#038;p=27421"},"modified":"2025-09-09T17:29:39","modified_gmt":"2025-09-09T15:29:39","slug":"nike-2024-pro-elite-team-lightweight-tracksuit","status":"publish","type":"product","link":"https:\/\/trackandfieldclothes.com\/pt\/nike-2024-pro-elite-team-lightweight-tracksuit\/","title":{"rendered":"Nike 2024 Pro Elite Team Lightweight Tracksuit"},"content":{"rendered":"","protected":false},"excerpt":{"rendered":"<p>The same ones used by the professional athletes contracted by the <strong>Nike International Team<\/strong> during the <strong>2024<\/strong> season.<\/p>\n<blockquote><p><em>O design do kit deste ano foi inspirado na transi\u00e7\u00e3o de tons neutros frios e escuros para tons vibrantes e alegres de neon difuso. Abra\u00e7ando a repeti\u00e7\u00e3o necess\u00e1ria para atingir os n\u00edveis de desempenho de um atleta de elite.<\/em><\/p><\/blockquote>\n<ul>\n<li><strong>100% Aut\u00eantico<\/strong><\/li>\n<li>Color: Black\/Fuchsia\/Luminous Green<\/li>\n<li>87% Polyester &#8211; 13% Spandex<\/li>\n<li>Dri-Fit<\/li>\n<li>Zipper closure<\/li>\n<li>Zippered pockets<\/li>\n<li>Zip closure at ankles<\/li>\n<li>Elastic waistband<\/li>\n<li>Lightweight and breathable<\/li>\n<li>Feito no Vietn\u00e3<\/li>\n<\/ul>","protected":false},"featured_media":27428,"template":"","meta":[],"product_brand":[402],"product_cat":[308,310,311,15,300],"product_tag":[410,411,466],"giftcard-category":[],"class_list":{"0":"post-27421","1":"product","2":"type-product","3":"status-publish","4":"has-post-thumbnail","6":"product_brand-nike","7":"product_cat-men","8":"product_cat-pro-elite-teams","9":"product_cat-nike-pro-elite-team","10":"product_cat-clothes","11":"product_cat-tracksuits","12":"product_tag-clothes","13":"product_tag-men","14":"product_tag-nike-2024","16":"first","17":"outofstock","18":"sale","19":"shipping-taxable","20":"purchasable","21":"product-type-variable","22":"has-default-attributes"},"yoast_head":"<!-- This site is optimized with the Yoast SEO plugin v25.7 - https:\/\/yoast.com\/wordpress\/plugins\/seo\/ -->\n<title>Nike 2024 Pro Elite Team Lightweight Tracksuit | Trackandfieldclothes<\/title>\n<meta name=\"robots\" content=\"index, follow, max-snippet:-1, max-image-preview:large, max-video-preview:-1\" \/>\n<link rel=\"canonical\" href=\"https:\/\/trackandfieldclothes.com\/pt\/nike-2024-pro-elite-team-lightweight-tracksuit\/\" \/>\n<meta property=\"og:locale\" content=\"pt_PT\" \/>\n<meta property=\"og:type\" content=\"article\" \/>\n<meta property=\"og:title\" content=\"Nike 2024 Pro Elite Team Lightweight Tracksuit | Trackandfieldclothes\" \/>\n<meta property=\"og:description\" content=\"The same ones used by the professional athletes contracted by the Nike International Team during the 2024 season. This year&#039;s kit design was inspired by Dusky cool neutrals transition into vibrant joyful shades of diffused neon&#039;s. Embracing the repetition it takes to reach the levels of performance of an elite athlete.   100% Authentic  Color: Black\/Fuchsia\/Luminous Green  87% Polyester - 13% Spandex  Dri-Fit  Zipper closure  Zippered pockets  Zip closure at ankles  Elastic waistband  Lightweight and breathable  Made in Vietnam\" \/>\n<meta property=\"og:url\" content=\"https:\/\/trackandfieldclothes.com\/pt\/nike-2024-pro-elite-team-lightweight-tracksuit\/\" \/>\n<meta property=\"og:site_name\" content=\"Trackandfieldclothes\" \/>\n<meta property=\"article:publisher\" content=\"https:\/\/www.facebook.com\/TrackandFieldClothes\" \/>\n<meta property=\"article:modified_time\" content=\"2025-09-09T15:29:39+00:00\" \/>\n<meta property=\"og:image\" content=\"https:\/\/trackandfieldclothes.com\/wp-content\/uploads\/2024\/07\/51D0ED78-F4BC-46CC-AD9E-B074861114B3.jpg\" \/>\n\t<meta property=\"og:image:width\" content=\"1290\" \/>\n\t<meta property=\"og:image:height\" content=\"1284\" \/>\n\t<meta property=\"og:image:type\" content=\"image\/jpeg\" \/>\n<meta name=\"twitter:card\" content=\"summary_large_image\" \/>\n<meta name=\"twitter:label1\" content=\"Tempo estimado de leitura\" \/>\n\t<meta name=\"twitter:data1\" content=\"1 minuto\" \/>\n<script type=\"application\/ld+json\" class=\"yoast-schema-graph\">{\"@context\":\"https:\/\/schema.org\",\"@graph\":[{\"@type\":\"WebPage\",\"@id\":\"https:\/\/trackandfieldclothes.com\/nike-2024-pro-elite-team-lightweight-tracksuit\/\",\"url\":\"https:\/\/trackandfieldclothes.com\/nike-2024-pro-elite-team-lightweight-tracksuit\/\",\"name\":\"Nike 2024 Pro Elite Team Lightweight Tracksuit | Trackandfieldclothes\",\"isPartOf\":{\"@id\":\"https:\/\/trackandfieldclothes.com\/#website\"},\"primaryImageOfPage\":{\"@id\":\"https:\/\/trackandfieldclothes.com\/nike-2024-pro-elite-team-lightweight-tracksuit\/#primaryimage\"},\"image\":{\"@id\":\"https:\/\/trackandfieldclothes.com\/nike-2024-pro-elite-team-lightweight-tracksuit\/#primaryimage\"},\"thumbnailUrl\":\"https:\/\/trackandfieldclothes.com\/wp-content\/uploads\/2024\/07\/51D0ED78-F4BC-46CC-AD9E-B074861114B3.jpg\",\"datePublished\":\"2024-06-02T11:41:06+00:00\",\"dateModified\":\"2025-09-09T15:29:39+00:00\",\"breadcrumb\":{\"@id\":\"https:\/\/trackandfieldclothes.com\/nike-2024-pro-elite-team-lightweight-tracksuit\/#breadcrumb\"},\"inLanguage\":\"pt-PT\",\"potentialAction\":[{\"@type\":\"ReadAction\",\"target\":[\"https:\/\/trackandfieldclothes.com\/nike-2024-pro-elite-team-lightweight-tracksuit\/\"]}]},{\"@type\":\"ImageObject\",\"inLanguage\":\"pt-PT\",\"@id\":\"https:\/\/trackandfieldclothes.com\/nike-2024-pro-elite-team-lightweight-tracksuit\/#primaryimage\",\"url\":\"https:\/\/trackandfieldclothes.com\/wp-content\/uploads\/2024\/07\/51D0ED78-F4BC-46CC-AD9E-B074861114B3.jpg\",\"contentUrl\":\"https:\/\/trackandfieldclothes.com\/wp-content\/uploads\/2024\/07\/51D0ED78-F4BC-46CC-AD9E-B074861114B3.jpg\",\"width\":1290,\"height\":1284,\"caption\":\"Nike 2024 Pro Elite Team Lightweight Tracksuit\"},{\"@type\":\"BreadcrumbList\",\"@id\":\"https:\/\/trackandfieldclothes.com\/nike-2024-pro-elite-team-lightweight-tracksuit\/#breadcrumb\",\"itemListElement\":[{\"@type\":\"ListItem\",\"position\":1,\"name\":\"Home\",\"item\":\"https:\/\/trackandfieldclothes.com\/\"},{\"@type\":\"ListItem\",\"position\":2,\"name\":\"Shop\",\"item\":\"https:\/\/trackandfieldclothes.com\/shop\/\"},{\"@type\":\"ListItem\",\"position\":3,\"name\":\"Nike 2024 Pro Elite Team Lightweight Tracksuit\"}]},{\"@type\":\"WebSite\",\"@id\":\"https:\/\/trackandfieldclothes.com\/#website\",\"url\":\"https:\/\/trackandfieldclothes.com\/\",\"name\":\"Trackandfieldclothes\",\"description\":\"Trackandfieldclothes\",\"publisher\":{\"@id\":\"https:\/\/trackandfieldclothes.com\/#organization\"},\"potentialAction\":[{\"@type\":\"SearchAction\",\"target\":{\"@type\":\"EntryPoint\",\"urlTemplate\":\"https:\/\/trackandfieldclothes.com\/?s={search_term_string}\"},\"query-input\":{\"@type\":\"PropertyValueSpecification\",\"valueRequired\":true,\"valueName\":\"search_term_string\"}}],\"inLanguage\":\"pt-PT\"},{\"@type\":\"Organization\",\"@id\":\"https:\/\/trackandfieldclothes.com\/#organization\",\"name\":\"Trackandfieldclothes\",\"url\":\"https:\/\/trackandfieldclothes.com\/\",\"logo\":{\"@type\":\"ImageObject\",\"inLanguage\":\"pt-PT\",\"@id\":\"https:\/\/trackandfieldclothes.com\/#\/schema\/logo\/image\/\",\"url\":\"https:\/\/trackandfieldclothes.com\/wp-content\/uploads\/2022\/03\/logo-sin-fondo-2-2.jpg\",\"contentUrl\":\"https:\/\/trackandfieldclothes.com\/wp-content\/uploads\/2022\/03\/logo-sin-fondo-2-2.jpg\",\"width\":300,\"height\":300,\"caption\":\"Trackandfieldclothes\"},\"image\":{\"@id\":\"https:\/\/trackandfieldclothes.com\/#\/schema\/logo\/image\/\"},\"sameAs\":[\"https:\/\/www.facebook.com\/TrackandFieldClothes\",\"https:\/\/www.instagram.com\/trackandfieldclothes\"]}]}<\/script>\n<!-- \/ Yoast SEO plugin. -->","yoast_head_json":{"title":"Nike 2024 Pro Elite Team Lightweight Tracksuit | Trackandfieldclothes","robots":{"index":"index","follow":"follow","max-snippet":"max-snippet:-1","max-image-preview":"max-image-preview:large","max-video-preview":"max-video-preview:-1"},"canonical":"https:\/\/trackandfieldclothes.com\/pt\/nike-2024-pro-elite-team-lightweight-tracksuit\/","og_locale":"pt_PT","og_type":"article","og_title":"Nike 2024 Pro Elite Team Lightweight Tracksuit | Trackandfieldclothes","og_description":"The same ones used by the professional athletes contracted by the Nike International Team during the 2024 season. This year's kit design was inspired by Dusky cool neutrals transition into vibrant joyful shades of diffused neon's. Embracing the repetition it takes to reach the levels of performance of an elite athlete.   100% Authentic  Color: Black\/Fuchsia\/Luminous Green  87% Polyester - 13% Spandex  Dri-Fit  Zipper closure  Zippered pockets  Zip closure at ankles  Elastic waistband  Lightweight and breathable  Made in Vietnam","og_url":"https:\/\/trackandfieldclothes.com\/pt\/nike-2024-pro-elite-team-lightweight-tracksuit\/","og_site_name":"Trackandfieldclothes","article_publisher":"https:\/\/www.facebook.com\/TrackandFieldClothes","article_modified_time":"2025-09-09T15:29:39+00:00","og_image":[{"width":1290,"height":1284,"url":"https:\/\/trackandfieldclothes.com\/wp-content\/uploads\/2024\/07\/51D0ED78-F4BC-46CC-AD9E-B074861114B3.jpg","type":"image\/jpeg"}],"twitter_card":"summary_large_image","twitter_misc":{"Tempo estimado de leitura":"1 minuto"},"schema":{"@context":"https:\/\/schema.org","@graph":[{"@type":"WebPage","@id":"https:\/\/trackandfieldclothes.com\/nike-2024-pro-elite-team-lightweight-tracksuit\/","url":"https:\/\/trackandfieldclothes.com\/nike-2024-pro-elite-team-lightweight-tracksuit\/","name":"Nike 2024 Pro Elite Team Lightweight Tracksuit | Trackandfieldclothes","isPartOf":{"@id":"https:\/\/trackandfieldclothes.com\/#website"},"primaryImageOfPage":{"@id":"https:\/\/trackandfieldclothes.com\/nike-2024-pro-elite-team-lightweight-tracksuit\/#primaryimage"},"image":{"@id":"https:\/\/trackandfieldclothes.com\/nike-2024-pro-elite-team-lightweight-tracksuit\/#primaryimage"},"thumbnailUrl":"https:\/\/trackandfieldclothes.com\/wp-content\/uploads\/2024\/07\/51D0ED78-F4BC-46CC-AD9E-B074861114B3.jpg","datePublished":"2024-06-02T11:41:06+00:00","dateModified":"2025-09-09T15:29:39+00:00","breadcrumb":{"@id":"https:\/\/trackandfieldclothes.com\/nike-2024-pro-elite-team-lightweight-tracksuit\/#breadcrumb"},"inLanguage":"pt-PT","potentialAction":[{"@type":"ReadAction","target":["https:\/\/trackandfieldclothes.com\/nike-2024-pro-elite-team-lightweight-tracksuit\/"]}]},{"@type":"ImageObject","inLanguage":"pt-PT","@id":"https:\/\/trackandfieldclothes.com\/nike-2024-pro-elite-team-lightweight-tracksuit\/#primaryimage","url":"https:\/\/trackandfieldclothes.com\/wp-content\/uploads\/2024\/07\/51D0ED78-F4BC-46CC-AD9E-B074861114B3.jpg","contentUrl":"https:\/\/trackandfieldclothes.com\/wp-content\/uploads\/2024\/07\/51D0ED78-F4BC-46CC-AD9E-B074861114B3.jpg","width":1290,"height":1284,"caption":"Nike 2024 Pro Elite Team Lightweight Tracksuit"},{"@type":"BreadcrumbList","@id":"https:\/\/trackandfieldclothes.com\/nike-2024-pro-elite-team-lightweight-tracksuit\/#breadcrumb","itemListElement":[{"@type":"ListItem","position":1,"name":"Home","item":"https:\/\/trackandfieldclothes.com\/"},{"@type":"ListItem","position":2,"name":"Shop","item":"https:\/\/trackandfieldclothes.com\/shop\/"},{"@type":"ListItem","position":3,"name":"Nike 2024 Pro Elite Team Lightweight Tracksuit"}]},{"@type":"WebSite","@id":"https:\/\/trackandfieldclothes.com\/#website","url":"https:\/\/trackandfieldclothes.com\/","name":"Trackandfieldclothes","description":"Trackandfieldclothes","publisher":{"@id":"https:\/\/trackandfieldclothes.com\/#organization"},"potentialAction":[{"@type":"SearchAction","target":{"@type":"EntryPoint","urlTemplate":"https:\/\/trackandfieldclothes.com\/?s={search_term_string}"},"query-input":{"@type":"PropertyValueSpecification","valueRequired":true,"valueName":"search_term_string"}}],"inLanguage":"pt-PT"},{"@type":"Organization","@id":"https:\/\/trackandfieldclothes.com\/#organization","name":"Trackandfieldclothes","url":"https:\/\/trackandfieldclothes.com\/","logo":{"@type":"ImageObject","inLanguage":"pt-PT","@id":"https:\/\/trackandfieldclothes.com\/#\/schema\/logo\/image\/","url":"https:\/\/trackandfieldclothes.com\/wp-content\/uploads\/2022\/03\/logo-sin-fondo-2-2.jpg","contentUrl":"https:\/\/trackandfieldclothes.com\/wp-content\/uploads\/2022\/03\/logo-sin-fondo-2-2.jpg","width":300,"height":300,"caption":"Trackandfieldclothes"},"image":{"@id":"https:\/\/trackandfieldclothes.com\/#\/schema\/logo\/image\/"},"sameAs":["https:\/\/www.facebook.com\/TrackandFieldClothes","https:\/\/www.instagram.com\/trackandfieldclothes"]}]}},"jetpack_sharing_enabled":true,"_links":{"self":[{"href":"https:\/\/trackandfieldclothes.com\/pt\/wp-json\/wp\/v2\/product\/27421","targetHints":{"allow":["GET"]}}],"collection":[{"href":"https:\/\/trackandfieldclothes.com\/pt\/wp-json\/wp\/v2\/product"}],"about":[{"href":"https:\/\/trackandfieldclothes.com\/pt\/wp-json\/wp\/v2\/types\/product"}],"version-history":[{"count":3,"href":"https:\/\/trackandfieldclothes.com\/pt\/wp-json\/wp\/v2\/product\/27421\/revisions"}],"predecessor-version":[{"id":39382,"href":"https:\/\/trackandfieldclothes.com\/pt\/wp-json\/wp\/v2\/product\/27421\/revisions\/39382"}],"wp:featuredmedia":[{"embeddable":true,"href":"https:\/\/trackandfieldclothes.com\/pt\/wp-json\/wp\/v2\/media\/27428"}],"wp:attachment":[{"href":"https:\/\/trackandfieldclothes.com\/pt\/wp-json\/wp\/v2\/media?parent=27421"}],"wp:term":[{"taxonomy":"product_brand","embeddable":true,"href":"https:\/\/trackandfieldclothes.com\/pt\/wp-json\/wp\/v2\/product_brand?post=27421"},{"taxonomy":"product_cat","embeddable":true,"href":"https:\/\/trackandfieldclothes.com\/pt\/wp-json\/wp\/v2\/product_cat?post=27421"},{"taxonomy":"product_tag","embeddable":true,"href":"https:\/\/trackandfieldclothes.com\/pt\/wp-json\/wp\/v2\/product_tag?post=27421"},{"taxonomy":"giftcard-category","embeddable":true,"href":"https:\/\/trackandfieldclothes.com\/pt\/wp-json\/wp\/v2\/giftcard-category?post=27421"}],"curies":[{"name":"wp","href":"https:\/\/api.w.org\/{rel}","templated":true}]}}