
{"id":27453,"date":"2024-06-02T14:00:05","date_gmt":"2024-06-02T13:00:05","guid":{"rendered":"https:\/\/trackandfieldclothes.com\/?post_type=product&#038;p=27453"},"modified":"2026-01-05T15:19:48","modified_gmt":"2026-01-05T14:19:48","slug":"nike-2024-pro-elite-team-distance-singlet","status":"publish","type":"product","link":"https:\/\/trackandfieldclothes.com\/fr\/nike-2024-pro-elite-team-distance-singlet\/","title":{"rendered":"Nike 2024 Pro Elite Team Distance Singlet"},"content":{"rendered":"","protected":false},"excerpt":{"rendered":"<p>The same one used by the professional athletes contracted by the <strong>Nike International Team<\/strong> during the <strong>2024<\/strong> season.<\/p>\n<blockquote><p><em>Le design du kit de cette ann\u00e9e a \u00e9t\u00e9 inspir\u00e9 par la transition de tons neutres et froids vers des nuances joyeuses et vibrantes de n\u00e9ons diffus. Il s'agit d'embrasser la r\u00e9p\u00e9tition n\u00e9cessaire pour atteindre les niveaux de performance d'un athl\u00e8te d'\u00e9lite.<\/em><\/p><\/blockquote>\n<ul>\n<li><strong>100% Authentique<\/strong><\/li>\n<li>Color: Fuchsia \/ Pink \/ Luminous Green<\/li>\n<li>100% Polyester<\/li>\n<li>Dri-Fit ADV<\/li>\n<li>Breathable: perforated material for breathability<\/li>\n<li>Lightweight<\/li>\n<li>Round neck version<\/li>\n<li>Fabriqu\u00e9 aux \u00c9tats-Unis<\/li>\n<\/ul>","protected":false},"featured_media":27457,"template":"","meta":[],"product_brand":[402],"product_cat":[308,310,311,15,282],"product_tag":[410,411,466],"giftcard-category":[],"class_list":{"0":"post-27453","1":"product","2":"type-product","3":"status-publish","4":"has-post-thumbnail","6":"product_brand-nike","7":"product_cat-men","8":"product_cat-pro-elite-teams","9":"product_cat-nike-pro-elite-team","10":"product_cat-clothes","11":"product_cat-singlets","12":"product_tag-clothes","13":"product_tag-men","14":"product_tag-nike-2024","16":"first","17":"outofstock","18":"shipping-taxable","19":"purchasable","20":"product-type-variable","21":"has-default-attributes"},"yoast_head":"<!-- This site is optimized with the Yoast SEO plugin v25.7 - https:\/\/yoast.com\/wordpress\/plugins\/seo\/ -->\n<title>Nike 2024 Pro Elite Team Distance Singlet | Trackandfieldclothes<\/title>\n<meta name=\"robots\" content=\"index, follow, max-snippet:-1, max-image-preview:large, max-video-preview:-1\" \/>\n<link rel=\"canonical\" href=\"https:\/\/trackandfieldclothes.com\/fr\/nike-2024-pro-elite-team-distance-singlet\/\" \/>\n<meta property=\"og:locale\" content=\"fr_FR\" \/>\n<meta property=\"og:type\" content=\"article\" \/>\n<meta property=\"og:title\" content=\"Nike 2024 Pro Elite Team Distance Singlet | Trackandfieldclothes\" \/>\n<meta property=\"og:description\" content=\"The same one used by the professional athletes contracted by the Nike International Team during the 2024 season. This year&#039;s kit design was inspired by Dusky cool neutrals transition into vibrant joyful shades of diffused neon&#039;s. Embracing the repetition it takes to reach the levels of performance of an elite athlete.   100% Authentic  Color: Fuchsia \/ Pink \/ Luminous Green  100% Polyester  Dri-Fit ADV  Breathable: perforated material for breathability  Lightweight  Round neck version  Made in USA\" \/>\n<meta property=\"og:url\" content=\"https:\/\/trackandfieldclothes.com\/fr\/nike-2024-pro-elite-team-distance-singlet\/\" \/>\n<meta property=\"og:site_name\" content=\"Trackandfieldclothes\" \/>\n<meta property=\"article:publisher\" content=\"https:\/\/www.facebook.com\/TrackandFieldClothes\" \/>\n<meta property=\"article:modified_time\" content=\"2026-01-05T14:19:48+00:00\" \/>\n<meta property=\"og:image\" content=\"https:\/\/trackandfieldclothes.com\/wp-content\/uploads\/2024\/07\/30579C07-2800-43ED-9E39-1631EBA88907.jpg\" \/>\n\t<meta property=\"og:image:width\" content=\"1290\" \/>\n\t<meta property=\"og:image:height\" content=\"1285\" \/>\n\t<meta property=\"og:image:type\" content=\"image\/jpeg\" \/>\n<meta name=\"twitter:card\" content=\"summary_large_image\" \/>\n<meta name=\"twitter:label1\" content=\"Dur\u00e9e de lecture estim\u00e9e\" \/>\n\t<meta name=\"twitter:data1\" content=\"1 minute\" \/>\n<script type=\"application\/ld+json\" class=\"yoast-schema-graph\">{\"@context\":\"https:\/\/schema.org\",\"@graph\":[{\"@type\":\"WebPage\",\"@id\":\"https:\/\/trackandfieldclothes.com\/nike-2024-pro-elite-team-distance-singlet\/\",\"url\":\"https:\/\/trackandfieldclothes.com\/nike-2024-pro-elite-team-distance-singlet\/\",\"name\":\"Nike 2024 Pro Elite Team Distance Singlet | Trackandfieldclothes\",\"isPartOf\":{\"@id\":\"https:\/\/trackandfieldclothes.com\/#website\"},\"primaryImageOfPage\":{\"@id\":\"https:\/\/trackandfieldclothes.com\/nike-2024-pro-elite-team-distance-singlet\/#primaryimage\"},\"image\":{\"@id\":\"https:\/\/trackandfieldclothes.com\/nike-2024-pro-elite-team-distance-singlet\/#primaryimage\"},\"thumbnailUrl\":\"https:\/\/trackandfieldclothes.com\/wp-content\/uploads\/2024\/07\/30579C07-2800-43ED-9E39-1631EBA88907.jpg\",\"datePublished\":\"2024-06-02T13:00:05+00:00\",\"dateModified\":\"2026-01-05T14:19:48+00:00\",\"breadcrumb\":{\"@id\":\"https:\/\/trackandfieldclothes.com\/nike-2024-pro-elite-team-distance-singlet\/#breadcrumb\"},\"inLanguage\":\"fr-FR\",\"potentialAction\":[{\"@type\":\"ReadAction\",\"target\":[\"https:\/\/trackandfieldclothes.com\/nike-2024-pro-elite-team-distance-singlet\/\"]}]},{\"@type\":\"ImageObject\",\"inLanguage\":\"fr-FR\",\"@id\":\"https:\/\/trackandfieldclothes.com\/nike-2024-pro-elite-team-distance-singlet\/#primaryimage\",\"url\":\"https:\/\/trackandfieldclothes.com\/wp-content\/uploads\/2024\/07\/30579C07-2800-43ED-9E39-1631EBA88907.jpg\",\"contentUrl\":\"https:\/\/trackandfieldclothes.com\/wp-content\/uploads\/2024\/07\/30579C07-2800-43ED-9E39-1631EBA88907.jpg\",\"width\":1290,\"height\":1285,\"caption\":\"Nike 2024 Pro Elite Team Distance Singlet\"},{\"@type\":\"BreadcrumbList\",\"@id\":\"https:\/\/trackandfieldclothes.com\/nike-2024-pro-elite-team-distance-singlet\/#breadcrumb\",\"itemListElement\":[{\"@type\":\"ListItem\",\"position\":1,\"name\":\"Home\",\"item\":\"https:\/\/trackandfieldclothes.com\/\"},{\"@type\":\"ListItem\",\"position\":2,\"name\":\"Shop\",\"item\":\"https:\/\/trackandfieldclothes.com\/shop\/\"},{\"@type\":\"ListItem\",\"position\":3,\"name\":\"Nike 2024 Pro Elite Team Distance Singlet\"}]},{\"@type\":\"WebSite\",\"@id\":\"https:\/\/trackandfieldclothes.com\/#website\",\"url\":\"https:\/\/trackandfieldclothes.com\/\",\"name\":\"Trackandfieldclothes\",\"description\":\"Trackandfieldclothes\",\"publisher\":{\"@id\":\"https:\/\/trackandfieldclothes.com\/#organization\"},\"potentialAction\":[{\"@type\":\"SearchAction\",\"target\":{\"@type\":\"EntryPoint\",\"urlTemplate\":\"https:\/\/trackandfieldclothes.com\/?s={search_term_string}\"},\"query-input\":{\"@type\":\"PropertyValueSpecification\",\"valueRequired\":true,\"valueName\":\"search_term_string\"}}],\"inLanguage\":\"fr-FR\"},{\"@type\":\"Organization\",\"@id\":\"https:\/\/trackandfieldclothes.com\/#organization\",\"name\":\"Trackandfieldclothes\",\"url\":\"https:\/\/trackandfieldclothes.com\/\",\"logo\":{\"@type\":\"ImageObject\",\"inLanguage\":\"fr-FR\",\"@id\":\"https:\/\/trackandfieldclothes.com\/#\/schema\/logo\/image\/\",\"url\":\"https:\/\/trackandfieldclothes.com\/wp-content\/uploads\/2022\/03\/logo-sin-fondo-2-2.jpg\",\"contentUrl\":\"https:\/\/trackandfieldclothes.com\/wp-content\/uploads\/2022\/03\/logo-sin-fondo-2-2.jpg\",\"width\":300,\"height\":300,\"caption\":\"Trackandfieldclothes\"},\"image\":{\"@id\":\"https:\/\/trackandfieldclothes.com\/#\/schema\/logo\/image\/\"},\"sameAs\":[\"https:\/\/www.facebook.com\/TrackandFieldClothes\",\"https:\/\/www.instagram.com\/trackandfieldclothes\"]}]}<\/script>\n<!-- \/ Yoast SEO plugin. -->","yoast_head_json":{"title":"Nike 2024 Pro Elite Team Distance Singlet | Trackandfieldclothes","robots":{"index":"index","follow":"follow","max-snippet":"max-snippet:-1","max-image-preview":"max-image-preview:large","max-video-preview":"max-video-preview:-1"},"canonical":"https:\/\/trackandfieldclothes.com\/fr\/nike-2024-pro-elite-team-distance-singlet\/","og_locale":"fr_FR","og_type":"article","og_title":"Nike 2024 Pro Elite Team Distance Singlet | Trackandfieldclothes","og_description":"The same one used by the professional athletes contracted by the Nike International Team during the 2024 season. This year's kit design was inspired by Dusky cool neutrals transition into vibrant joyful shades of diffused neon's. Embracing the repetition it takes to reach the levels of performance of an elite athlete.   100% Authentic  Color: Fuchsia \/ Pink \/ Luminous Green  100% Polyester  Dri-Fit ADV  Breathable: perforated material for breathability  Lightweight  Round neck version  Made in USA","og_url":"https:\/\/trackandfieldclothes.com\/fr\/nike-2024-pro-elite-team-distance-singlet\/","og_site_name":"Trackandfieldclothes","article_publisher":"https:\/\/www.facebook.com\/TrackandFieldClothes","article_modified_time":"2026-01-05T14:19:48+00:00","og_image":[{"width":1290,"height":1285,"url":"https:\/\/trackandfieldclothes.com\/wp-content\/uploads\/2024\/07\/30579C07-2800-43ED-9E39-1631EBA88907.jpg","type":"image\/jpeg"}],"twitter_card":"summary_large_image","twitter_misc":{"Dur\u00e9e de lecture estim\u00e9e":"1 minute"},"schema":{"@context":"https:\/\/schema.org","@graph":[{"@type":"WebPage","@id":"https:\/\/trackandfieldclothes.com\/nike-2024-pro-elite-team-distance-singlet\/","url":"https:\/\/trackandfieldclothes.com\/nike-2024-pro-elite-team-distance-singlet\/","name":"Nike 2024 Pro Elite Team Distance Singlet | Trackandfieldclothes","isPartOf":{"@id":"https:\/\/trackandfieldclothes.com\/#website"},"primaryImageOfPage":{"@id":"https:\/\/trackandfieldclothes.com\/nike-2024-pro-elite-team-distance-singlet\/#primaryimage"},"image":{"@id":"https:\/\/trackandfieldclothes.com\/nike-2024-pro-elite-team-distance-singlet\/#primaryimage"},"thumbnailUrl":"https:\/\/trackandfieldclothes.com\/wp-content\/uploads\/2024\/07\/30579C07-2800-43ED-9E39-1631EBA88907.jpg","datePublished":"2024-06-02T13:00:05+00:00","dateModified":"2026-01-05T14:19:48+00:00","breadcrumb":{"@id":"https:\/\/trackandfieldclothes.com\/nike-2024-pro-elite-team-distance-singlet\/#breadcrumb"},"inLanguage":"fr-FR","potentialAction":[{"@type":"ReadAction","target":["https:\/\/trackandfieldclothes.com\/nike-2024-pro-elite-team-distance-singlet\/"]}]},{"@type":"ImageObject","inLanguage":"fr-FR","@id":"https:\/\/trackandfieldclothes.com\/nike-2024-pro-elite-team-distance-singlet\/#primaryimage","url":"https:\/\/trackandfieldclothes.com\/wp-content\/uploads\/2024\/07\/30579C07-2800-43ED-9E39-1631EBA88907.jpg","contentUrl":"https:\/\/trackandfieldclothes.com\/wp-content\/uploads\/2024\/07\/30579C07-2800-43ED-9E39-1631EBA88907.jpg","width":1290,"height":1285,"caption":"Nike 2024 Pro Elite Team Distance Singlet"},{"@type":"BreadcrumbList","@id":"https:\/\/trackandfieldclothes.com\/nike-2024-pro-elite-team-distance-singlet\/#breadcrumb","itemListElement":[{"@type":"ListItem","position":1,"name":"Home","item":"https:\/\/trackandfieldclothes.com\/"},{"@type":"ListItem","position":2,"name":"Shop","item":"https:\/\/trackandfieldclothes.com\/shop\/"},{"@type":"ListItem","position":3,"name":"Nike 2024 Pro Elite Team Distance Singlet"}]},{"@type":"WebSite","@id":"https:\/\/trackandfieldclothes.com\/#website","url":"https:\/\/trackandfieldclothes.com\/","name":"Trackandfieldclothes","description":"Trackandfieldclothes","publisher":{"@id":"https:\/\/trackandfieldclothes.com\/#organization"},"potentialAction":[{"@type":"SearchAction","target":{"@type":"EntryPoint","urlTemplate":"https:\/\/trackandfieldclothes.com\/?s={search_term_string}"},"query-input":{"@type":"PropertyValueSpecification","valueRequired":true,"valueName":"search_term_string"}}],"inLanguage":"fr-FR"},{"@type":"Organization","@id":"https:\/\/trackandfieldclothes.com\/#organization","name":"Trackandfieldclothes","url":"https:\/\/trackandfieldclothes.com\/","logo":{"@type":"ImageObject","inLanguage":"fr-FR","@id":"https:\/\/trackandfieldclothes.com\/#\/schema\/logo\/image\/","url":"https:\/\/trackandfieldclothes.com\/wp-content\/uploads\/2022\/03\/logo-sin-fondo-2-2.jpg","contentUrl":"https:\/\/trackandfieldclothes.com\/wp-content\/uploads\/2022\/03\/logo-sin-fondo-2-2.jpg","width":300,"height":300,"caption":"Trackandfieldclothes"},"image":{"@id":"https:\/\/trackandfieldclothes.com\/#\/schema\/logo\/image\/"},"sameAs":["https:\/\/www.facebook.com\/TrackandFieldClothes","https:\/\/www.instagram.com\/trackandfieldclothes"]}]}},"jetpack_sharing_enabled":true,"_links":{"self":[{"href":"https:\/\/trackandfieldclothes.com\/fr\/wp-json\/wp\/v2\/product\/27453","targetHints":{"allow":["GET"]}}],"collection":[{"href":"https:\/\/trackandfieldclothes.com\/fr\/wp-json\/wp\/v2\/product"}],"about":[{"href":"https:\/\/trackandfieldclothes.com\/fr\/wp-json\/wp\/v2\/types\/product"}],"version-history":[{"count":4,"href":"https:\/\/trackandfieldclothes.com\/fr\/wp-json\/wp\/v2\/product\/27453\/revisions"}],"predecessor-version":[{"id":43538,"href":"https:\/\/trackandfieldclothes.com\/fr\/wp-json\/wp\/v2\/product\/27453\/revisions\/43538"}],"wp:featuredmedia":[{"embeddable":true,"href":"https:\/\/trackandfieldclothes.com\/fr\/wp-json\/wp\/v2\/media\/27457"}],"wp:attachment":[{"href":"https:\/\/trackandfieldclothes.com\/fr\/wp-json\/wp\/v2\/media?parent=27453"}],"wp:term":[{"taxonomy":"product_brand","embeddable":true,"href":"https:\/\/trackandfieldclothes.com\/fr\/wp-json\/wp\/v2\/product_brand?post=27453"},{"taxonomy":"product_cat","embeddable":true,"href":"https:\/\/trackandfieldclothes.com\/fr\/wp-json\/wp\/v2\/product_cat?post=27453"},{"taxonomy":"product_tag","embeddable":true,"href":"https:\/\/trackandfieldclothes.com\/fr\/wp-json\/wp\/v2\/product_tag?post=27453"},{"taxonomy":"giftcard-category","embeddable":true,"href":"https:\/\/trackandfieldclothes.com\/fr\/wp-json\/wp\/v2\/giftcard-category?post=27453"}],"curies":[{"name":"wp","href":"https:\/\/api.w.org\/{rel}","templated":true}]}}