
{"id":27406,"date":"2024-06-02T13:47:06","date_gmt":"2024-06-02T11:47:06","guid":{"rendered":"https:\/\/trackandfieldclothes.com\/?post_type=product&#038;p=27406"},"modified":"2025-05-06T13:18:18","modified_gmt":"2025-05-06T11:18:18","slug":"nike-2024-pro-elite-team-half-zip-jersey","status":"publish","type":"product","link":"https:\/\/trackandfieldclothes.com\/fr\/nike-2024-pro-elite-team-half-zip-jersey\/","title":{"rendered":"Nike 2024 Pro Elite Team Half Zip Jersey"},"content":{"rendered":"","protected":false},"excerpt":{"rendered":"<p>The same ones used by the professional athletes contracted by the <strong>Nike International Team<\/strong> during the <strong>2024<\/strong> season.<\/p>\n<blockquote>\n<p><em>Le design du kit de cette ann\u00e9e a \u00e9t\u00e9 inspir\u00e9 par la transition de tons neutres et froids vers des nuances joyeuses et vibrantes de n\u00e9ons diffus. Il s'agit d'embrasser la r\u00e9p\u00e9tition n\u00e9cessaire pour atteindre les niveaux de performance d'un athl\u00e8te d'\u00e9lite.<\/em><\/p>\n<\/blockquote>\n<ul>\n<li><strong>100% Authentique<\/strong><\/li>\n<li>Color: Smoke Grey\/Luminous Green<\/li>\n<li>89% Polyester &#8211; 11% Spandex<\/li>\n<li>Dri-Fit<\/li>\n<li>Zip closure at chest<\/li>\n<li>Holes for attaching sleeves to your thumbs<\/li>\n<li>Fabriqu\u00e9 au Cambodge<\/li>\n<\/ul>","protected":false},"featured_media":27411,"template":"","meta":[],"product_brand":[402],"product_cat":[308,310,311,15,298],"product_tag":[410,411,466],"giftcard-category":[],"class_list":{"0":"post-27406","1":"product","2":"type-product","3":"status-publish","4":"has-post-thumbnail","6":"product_brand-nike","7":"product_cat-men","8":"product_cat-pro-elite-teams","9":"product_cat-nike-pro-elite-team","10":"product_cat-clothes","11":"product_cat-jerseys","12":"product_tag-clothes","13":"product_tag-men","14":"product_tag-nike-2024","16":"first","17":"outofstock","18":"shipping-taxable","19":"purchasable","20":"product-type-variable"},"yoast_head":"<!-- This site is optimized with the Yoast SEO plugin v25.7 - https:\/\/yoast.com\/wordpress\/plugins\/seo\/ -->\n<title>Nike 2024 Pro Elite Team Half Zip Jersey | Trackandfieldclothes<\/title>\n<meta name=\"robots\" content=\"index, follow, max-snippet:-1, max-image-preview:large, max-video-preview:-1\" \/>\n<link rel=\"canonical\" href=\"https:\/\/trackandfieldclothes.com\/fr\/nike-2024-pro-elite-team-half-zip-jersey\/\" \/>\n<meta property=\"og:locale\" content=\"fr_FR\" \/>\n<meta property=\"og:type\" content=\"article\" \/>\n<meta property=\"og:title\" content=\"Nike 2024 Pro Elite Team Half Zip Jersey | Trackandfieldclothes\" \/>\n<meta property=\"og:description\" content=\"The same ones used by the professional athletes contracted by the Nike International Team during the 2024 season.This year&#039;s kit design was inspired by Dusky cool neutrals transition into vibrant joyful shades of diffused neon&#039;s. Embracing the repetition it takes to reach the levels of performance of an elite athlete.100% AuthenticColor: Smoke Grey\/Luminous Green89% Polyester - 11% SpandexDri-FitZip closure at chestHoles for attaching sleeves to your thumbsMade in Cambodia\" \/>\n<meta property=\"og:url\" content=\"https:\/\/trackandfieldclothes.com\/fr\/nike-2024-pro-elite-team-half-zip-jersey\/\" \/>\n<meta property=\"og:site_name\" content=\"Trackandfieldclothes\" \/>\n<meta property=\"article:publisher\" content=\"https:\/\/www.facebook.com\/TrackandFieldClothes\" \/>\n<meta property=\"article:modified_time\" content=\"2025-05-06T11:18:18+00:00\" \/>\n<meta property=\"og:image\" content=\"https:\/\/trackandfieldclothes.com\/wp-content\/uploads\/2024\/07\/07821D2F-E676-4922-96EA-3A7B9133C883.jpg\" \/>\n\t<meta property=\"og:image:width\" content=\"1290\" \/>\n\t<meta property=\"og:image:height\" content=\"1291\" \/>\n\t<meta property=\"og:image:type\" content=\"image\/jpeg\" \/>\n<meta name=\"twitter:card\" content=\"summary_large_image\" \/>\n<meta name=\"twitter:label1\" content=\"Dur\u00e9e de lecture estim\u00e9e\" \/>\n\t<meta name=\"twitter:data1\" content=\"1 minute\" \/>\n<script type=\"application\/ld+json\" class=\"yoast-schema-graph\">{\"@context\":\"https:\/\/schema.org\",\"@graph\":[{\"@type\":\"WebPage\",\"@id\":\"https:\/\/trackandfieldclothes.com\/nike-2024-pro-elite-team-half-zip-jersey\/\",\"url\":\"https:\/\/trackandfieldclothes.com\/nike-2024-pro-elite-team-half-zip-jersey\/\",\"name\":\"Nike 2024 Pro Elite Team Half Zip Jersey | Trackandfieldclothes\",\"isPartOf\":{\"@id\":\"https:\/\/trackandfieldclothes.com\/#website\"},\"primaryImageOfPage\":{\"@id\":\"https:\/\/trackandfieldclothes.com\/nike-2024-pro-elite-team-half-zip-jersey\/#primaryimage\"},\"image\":{\"@id\":\"https:\/\/trackandfieldclothes.com\/nike-2024-pro-elite-team-half-zip-jersey\/#primaryimage\"},\"thumbnailUrl\":\"https:\/\/trackandfieldclothes.com\/wp-content\/uploads\/2024\/07\/07821D2F-E676-4922-96EA-3A7B9133C883.jpg\",\"datePublished\":\"2024-06-02T11:47:06+00:00\",\"dateModified\":\"2025-05-06T11:18:18+00:00\",\"breadcrumb\":{\"@id\":\"https:\/\/trackandfieldclothes.com\/nike-2024-pro-elite-team-half-zip-jersey\/#breadcrumb\"},\"inLanguage\":\"fr-FR\",\"potentialAction\":[{\"@type\":\"ReadAction\",\"target\":[\"https:\/\/trackandfieldclothes.com\/nike-2024-pro-elite-team-half-zip-jersey\/\"]}]},{\"@type\":\"ImageObject\",\"inLanguage\":\"fr-FR\",\"@id\":\"https:\/\/trackandfieldclothes.com\/nike-2024-pro-elite-team-half-zip-jersey\/#primaryimage\",\"url\":\"https:\/\/trackandfieldclothes.com\/wp-content\/uploads\/2024\/07\/07821D2F-E676-4922-96EA-3A7B9133C883.jpg\",\"contentUrl\":\"https:\/\/trackandfieldclothes.com\/wp-content\/uploads\/2024\/07\/07821D2F-E676-4922-96EA-3A7B9133C883.jpg\",\"width\":1290,\"height\":1291,\"caption\":\"Nike 2024 Pro Elite Team Half Zip Jersey\"},{\"@type\":\"BreadcrumbList\",\"@id\":\"https:\/\/trackandfieldclothes.com\/nike-2024-pro-elite-team-half-zip-jersey\/#breadcrumb\",\"itemListElement\":[{\"@type\":\"ListItem\",\"position\":1,\"name\":\"Home\",\"item\":\"https:\/\/trackandfieldclothes.com\/\"},{\"@type\":\"ListItem\",\"position\":2,\"name\":\"Shop\",\"item\":\"https:\/\/trackandfieldclothes.com\/shop\/\"},{\"@type\":\"ListItem\",\"position\":3,\"name\":\"Nike 2024 Pro Elite Team Half Zip Jersey\"}]},{\"@type\":\"WebSite\",\"@id\":\"https:\/\/trackandfieldclothes.com\/#website\",\"url\":\"https:\/\/trackandfieldclothes.com\/\",\"name\":\"Trackandfieldclothes\",\"description\":\"Trackandfieldclothes\",\"publisher\":{\"@id\":\"https:\/\/trackandfieldclothes.com\/#organization\"},\"potentialAction\":[{\"@type\":\"SearchAction\",\"target\":{\"@type\":\"EntryPoint\",\"urlTemplate\":\"https:\/\/trackandfieldclothes.com\/?s={search_term_string}\"},\"query-input\":{\"@type\":\"PropertyValueSpecification\",\"valueRequired\":true,\"valueName\":\"search_term_string\"}}],\"inLanguage\":\"fr-FR\"},{\"@type\":\"Organization\",\"@id\":\"https:\/\/trackandfieldclothes.com\/#organization\",\"name\":\"Trackandfieldclothes\",\"url\":\"https:\/\/trackandfieldclothes.com\/\",\"logo\":{\"@type\":\"ImageObject\",\"inLanguage\":\"fr-FR\",\"@id\":\"https:\/\/trackandfieldclothes.com\/#\/schema\/logo\/image\/\",\"url\":\"https:\/\/trackandfieldclothes.com\/wp-content\/uploads\/2022\/03\/logo-sin-fondo-2-2.jpg\",\"contentUrl\":\"https:\/\/trackandfieldclothes.com\/wp-content\/uploads\/2022\/03\/logo-sin-fondo-2-2.jpg\",\"width\":300,\"height\":300,\"caption\":\"Trackandfieldclothes\"},\"image\":{\"@id\":\"https:\/\/trackandfieldclothes.com\/#\/schema\/logo\/image\/\"},\"sameAs\":[\"https:\/\/www.facebook.com\/TrackandFieldClothes\",\"https:\/\/www.instagram.com\/trackandfieldclothes\"]}]}<\/script>\n<!-- \/ Yoast SEO plugin. -->","yoast_head_json":{"title":"Nike 2024 Pro Elite Team Half Zip Jersey | Trackandfieldclothes","robots":{"index":"index","follow":"follow","max-snippet":"max-snippet:-1","max-image-preview":"max-image-preview:large","max-video-preview":"max-video-preview:-1"},"canonical":"https:\/\/trackandfieldclothes.com\/fr\/nike-2024-pro-elite-team-half-zip-jersey\/","og_locale":"fr_FR","og_type":"article","og_title":"Nike 2024 Pro Elite Team Half Zip Jersey | Trackandfieldclothes","og_description":"The same ones used by the professional athletes contracted by the Nike International Team during the 2024 season.This year's kit design was inspired by Dusky cool neutrals transition into vibrant joyful shades of diffused neon's. Embracing the repetition it takes to reach the levels of performance of an elite athlete.100% AuthenticColor: Smoke Grey\/Luminous Green89% Polyester - 11% SpandexDri-FitZip closure at chestHoles for attaching sleeves to your thumbsMade in Cambodia","og_url":"https:\/\/trackandfieldclothes.com\/fr\/nike-2024-pro-elite-team-half-zip-jersey\/","og_site_name":"Trackandfieldclothes","article_publisher":"https:\/\/www.facebook.com\/TrackandFieldClothes","article_modified_time":"2025-05-06T11:18:18+00:00","og_image":[{"width":1290,"height":1291,"url":"https:\/\/trackandfieldclothes.com\/wp-content\/uploads\/2024\/07\/07821D2F-E676-4922-96EA-3A7B9133C883.jpg","type":"image\/jpeg"}],"twitter_card":"summary_large_image","twitter_misc":{"Dur\u00e9e de lecture estim\u00e9e":"1 minute"},"schema":{"@context":"https:\/\/schema.org","@graph":[{"@type":"WebPage","@id":"https:\/\/trackandfieldclothes.com\/nike-2024-pro-elite-team-half-zip-jersey\/","url":"https:\/\/trackandfieldclothes.com\/nike-2024-pro-elite-team-half-zip-jersey\/","name":"Nike 2024 Pro Elite Team Half Zip Jersey | Trackandfieldclothes","isPartOf":{"@id":"https:\/\/trackandfieldclothes.com\/#website"},"primaryImageOfPage":{"@id":"https:\/\/trackandfieldclothes.com\/nike-2024-pro-elite-team-half-zip-jersey\/#primaryimage"},"image":{"@id":"https:\/\/trackandfieldclothes.com\/nike-2024-pro-elite-team-half-zip-jersey\/#primaryimage"},"thumbnailUrl":"https:\/\/trackandfieldclothes.com\/wp-content\/uploads\/2024\/07\/07821D2F-E676-4922-96EA-3A7B9133C883.jpg","datePublished":"2024-06-02T11:47:06+00:00","dateModified":"2025-05-06T11:18:18+00:00","breadcrumb":{"@id":"https:\/\/trackandfieldclothes.com\/nike-2024-pro-elite-team-half-zip-jersey\/#breadcrumb"},"inLanguage":"fr-FR","potentialAction":[{"@type":"ReadAction","target":["https:\/\/trackandfieldclothes.com\/nike-2024-pro-elite-team-half-zip-jersey\/"]}]},{"@type":"ImageObject","inLanguage":"fr-FR","@id":"https:\/\/trackandfieldclothes.com\/nike-2024-pro-elite-team-half-zip-jersey\/#primaryimage","url":"https:\/\/trackandfieldclothes.com\/wp-content\/uploads\/2024\/07\/07821D2F-E676-4922-96EA-3A7B9133C883.jpg","contentUrl":"https:\/\/trackandfieldclothes.com\/wp-content\/uploads\/2024\/07\/07821D2F-E676-4922-96EA-3A7B9133C883.jpg","width":1290,"height":1291,"caption":"Nike 2024 Pro Elite Team Half Zip Jersey"},{"@type":"BreadcrumbList","@id":"https:\/\/trackandfieldclothes.com\/nike-2024-pro-elite-team-half-zip-jersey\/#breadcrumb","itemListElement":[{"@type":"ListItem","position":1,"name":"Home","item":"https:\/\/trackandfieldclothes.com\/"},{"@type":"ListItem","position":2,"name":"Shop","item":"https:\/\/trackandfieldclothes.com\/shop\/"},{"@type":"ListItem","position":3,"name":"Nike 2024 Pro Elite Team Half Zip Jersey"}]},{"@type":"WebSite","@id":"https:\/\/trackandfieldclothes.com\/#website","url":"https:\/\/trackandfieldclothes.com\/","name":"Trackandfieldclothes","description":"Trackandfieldclothes","publisher":{"@id":"https:\/\/trackandfieldclothes.com\/#organization"},"potentialAction":[{"@type":"SearchAction","target":{"@type":"EntryPoint","urlTemplate":"https:\/\/trackandfieldclothes.com\/?s={search_term_string}"},"query-input":{"@type":"PropertyValueSpecification","valueRequired":true,"valueName":"search_term_string"}}],"inLanguage":"fr-FR"},{"@type":"Organization","@id":"https:\/\/trackandfieldclothes.com\/#organization","name":"Trackandfieldclothes","url":"https:\/\/trackandfieldclothes.com\/","logo":{"@type":"ImageObject","inLanguage":"fr-FR","@id":"https:\/\/trackandfieldclothes.com\/#\/schema\/logo\/image\/","url":"https:\/\/trackandfieldclothes.com\/wp-content\/uploads\/2022\/03\/logo-sin-fondo-2-2.jpg","contentUrl":"https:\/\/trackandfieldclothes.com\/wp-content\/uploads\/2022\/03\/logo-sin-fondo-2-2.jpg","width":300,"height":300,"caption":"Trackandfieldclothes"},"image":{"@id":"https:\/\/trackandfieldclothes.com\/#\/schema\/logo\/image\/"},"sameAs":["https:\/\/www.facebook.com\/TrackandFieldClothes","https:\/\/www.instagram.com\/trackandfieldclothes"]}]}},"jetpack_sharing_enabled":true,"_links":{"self":[{"href":"https:\/\/trackandfieldclothes.com\/fr\/wp-json\/wp\/v2\/product\/27406","targetHints":{"allow":["GET"]}}],"collection":[{"href":"https:\/\/trackandfieldclothes.com\/fr\/wp-json\/wp\/v2\/product"}],"about":[{"href":"https:\/\/trackandfieldclothes.com\/fr\/wp-json\/wp\/v2\/types\/product"}],"version-history":[{"count":0,"href":"https:\/\/trackandfieldclothes.com\/fr\/wp-json\/wp\/v2\/product\/27406\/revisions"}],"wp:featuredmedia":[{"embeddable":true,"href":"https:\/\/trackandfieldclothes.com\/fr\/wp-json\/wp\/v2\/media\/27411"}],"wp:attachment":[{"href":"https:\/\/trackandfieldclothes.com\/fr\/wp-json\/wp\/v2\/media?parent=27406"}],"wp:term":[{"taxonomy":"product_brand","embeddable":true,"href":"https:\/\/trackandfieldclothes.com\/fr\/wp-json\/wp\/v2\/product_brand?post=27406"},{"taxonomy":"product_cat","embeddable":true,"href":"https:\/\/trackandfieldclothes.com\/fr\/wp-json\/wp\/v2\/product_cat?post=27406"},{"taxonomy":"product_tag","embeddable":true,"href":"https:\/\/trackandfieldclothes.com\/fr\/wp-json\/wp\/v2\/product_tag?post=27406"},{"taxonomy":"giftcard-category","embeddable":true,"href":"https:\/\/trackandfieldclothes.com\/fr\/wp-json\/wp\/v2\/giftcard-category?post=27406"}],"curies":[{"name":"wp","href":"https:\/\/api.w.org\/{rel}","templated":true}]}}