
{"id":26424,"date":"2024-06-02T13:25:06","date_gmt":"2024-06-02T11:25:06","guid":{"rendered":"https:\/\/trackandfieldclothes.com\/?post_type=product&#038;p=26424"},"modified":"2025-05-06T13:18:30","modified_gmt":"2025-05-06T11:18:30","slug":"nike-2024-pro-elite-team-w-storm-fit-tracksuit","status":"publish","type":"product","link":"https:\/\/trackandfieldclothes.com\/fr\/nike-2024-pro-elite-team-w-storm-fit-tracksuit\/","title":{"rendered":"Nike 2024 Pro Elite Team W Storm Fit Tracksuit"},"content":{"rendered":"<h2>Nike 2024 Pro Elite Team W Storm Fit Tracksuit<\/h2>\n<p>Le design du kit de cette ann\u00e9e a \u00e9t\u00e9 inspir\u00e9 par la transition de tons neutres et froids vers des nuances joyeuses et vibrantes de n\u00e9ons diffus. Il s'agit d'embrasser la r\u00e9p\u00e9tition n\u00e9cessaire pour atteindre les niveaux de performance d'un athl\u00e8te d'\u00e9lite.<\/p>","protected":false},"excerpt":{"rendered":"<p>The same ones used by the professional athletes contracted by the <strong>Nike International Team<\/strong> during the <strong>2024<\/strong> season.<\/p>\n<blockquote>\n<p><em>Le design du kit de cette ann\u00e9e a \u00e9t\u00e9 inspir\u00e9 par la transition de tons neutres et froids vers des nuances joyeuses et vibrantes de n\u00e9ons diffus. Il s'agit d'embrasser la r\u00e9p\u00e9tition n\u00e9cessaire pour atteindre les niveaux de performance d'un athl\u00e8te d'\u00e9lite.<\/em><\/p>\n<\/blockquote>\n<ul>\n<li><strong>100% Authentique<\/strong><\/li>\n<li>Color: Black\/Fuchsia\/Luminous Green<\/li>\n<li>Jacket 100% Polyester<\/li>\n<li>Pants composition: Body 100% Polyester \/ Panel 68% Nylon &#8211; 31% Spandex<\/li>\n<li>Zippered pockets<\/li>\n<li>Adjustable and removable hood<\/li>\n<li>Velcro adjustment at wrists<\/li>\n<li>Air Vents<\/li>\n<li>Elastic waistband with drawstrings for waist adjustment<\/li>\n<li>Storm Fit<\/li>\n<li>Fabriqu\u00e9 au Vietnam<\/li>\n<\/ul>","protected":false},"featured_media":26431,"template":"","meta":[],"product_brand":[402],"product_cat":[309,310,311,15,300],"product_tag":[410,466,412],"giftcard-category":[],"class_list":{"0":"post-26424","1":"product","2":"type-product","3":"status-publish","4":"has-post-thumbnail","6":"product_brand-nike","7":"product_cat-women","8":"product_cat-pro-elite-teams","9":"product_cat-nike-pro-elite-team","10":"product_cat-clothes","11":"product_cat-tracksuits","12":"product_tag-clothes","13":"product_tag-nike-2024","14":"product_tag-women","16":"first","17":"outofstock","18":"shipping-taxable","19":"purchasable","20":"product-type-variable","21":"has-default-attributes"},"yoast_head":"<!-- This site is optimized with the Yoast SEO plugin v25.7 - https:\/\/yoast.com\/wordpress\/plugins\/seo\/ -->\n<title>Nike 2024 Pro Elite Team W Storm Fit Tracksuit | Trackandfieldclothes<\/title>\n<meta name=\"robots\" content=\"index, follow, max-snippet:-1, max-image-preview:large, max-video-preview:-1\" \/>\n<link rel=\"canonical\" href=\"https:\/\/trackandfieldclothes.com\/fr\/nike-2024-pro-elite-team-w-storm-fit-tracksuit\/\" \/>\n<meta property=\"og:locale\" content=\"fr_FR\" \/>\n<meta property=\"og:type\" content=\"article\" \/>\n<meta property=\"og:title\" content=\"Nike 2024 Pro Elite Team W Storm Fit Tracksuit | Trackandfieldclothes\" \/>\n<meta property=\"og:description\" content=\"The same ones used by the professional athletes contracted by the Nike International Team during the 2024 season.This year&#039;s kit design was inspired by Dusky cool neutrals transition into vibrant joyful shades of diffused neon&#039;s. Embracing the repetition it takes to reach the levels of performance of an elite athlete.100% AuthenticColor: Black\/Fuchsia\/Luminous GreenJacket 100% PolyesterPants composition: Body 100% Polyester \/ Panel 68% Nylon - 31% SpandexZippered pocketsAdjustable and removable hoodVelcro adjustment at wristsAir VentsElastic waistband with drawstrings for waist adjustmentStorm FitMade in Vietnam\" \/>\n<meta property=\"og:url\" content=\"https:\/\/trackandfieldclothes.com\/fr\/nike-2024-pro-elite-team-w-storm-fit-tracksuit\/\" \/>\n<meta property=\"og:site_name\" content=\"Trackandfieldclothes\" \/>\n<meta property=\"article:publisher\" content=\"https:\/\/www.facebook.com\/TrackandFieldClothes\" \/>\n<meta property=\"article:modified_time\" content=\"2025-05-06T11:18:30+00:00\" \/>\n<meta property=\"og:image\" content=\"https:\/\/trackandfieldclothes.com\/wp-content\/uploads\/2024\/06\/1C2ABA37-F8CD-4D31-AC98-58234858AF82.jpg\" \/>\n\t<meta property=\"og:image:width\" content=\"1125\" \/>\n\t<meta property=\"og:image:height\" content=\"1116\" \/>\n\t<meta property=\"og:image:type\" content=\"image\/jpeg\" \/>\n<meta name=\"twitter:card\" content=\"summary_large_image\" \/>\n<meta name=\"twitter:label1\" content=\"Dur\u00e9e de lecture estim\u00e9e\" \/>\n\t<meta name=\"twitter:data1\" content=\"1 minute\" \/>\n<script type=\"application\/ld+json\" class=\"yoast-schema-graph\">{\"@context\":\"https:\/\/schema.org\",\"@graph\":[{\"@type\":\"WebPage\",\"@id\":\"https:\/\/trackandfieldclothes.com\/nike-2024-pro-elite-team-w-storm-fit-tracksuit\/\",\"url\":\"https:\/\/trackandfieldclothes.com\/nike-2024-pro-elite-team-w-storm-fit-tracksuit\/\",\"name\":\"Nike 2024 Pro Elite Team W Storm Fit Tracksuit | Trackandfieldclothes\",\"isPartOf\":{\"@id\":\"https:\/\/trackandfieldclothes.com\/#website\"},\"primaryImageOfPage\":{\"@id\":\"https:\/\/trackandfieldclothes.com\/nike-2024-pro-elite-team-w-storm-fit-tracksuit\/#primaryimage\"},\"image\":{\"@id\":\"https:\/\/trackandfieldclothes.com\/nike-2024-pro-elite-team-w-storm-fit-tracksuit\/#primaryimage\"},\"thumbnailUrl\":\"https:\/\/trackandfieldclothes.com\/wp-content\/uploads\/2024\/06\/1C2ABA37-F8CD-4D31-AC98-58234858AF82.jpg\",\"datePublished\":\"2024-06-02T11:25:06+00:00\",\"dateModified\":\"2025-05-06T11:18:30+00:00\",\"breadcrumb\":{\"@id\":\"https:\/\/trackandfieldclothes.com\/nike-2024-pro-elite-team-w-storm-fit-tracksuit\/#breadcrumb\"},\"inLanguage\":\"fr-FR\",\"potentialAction\":[{\"@type\":\"ReadAction\",\"target\":[\"https:\/\/trackandfieldclothes.com\/nike-2024-pro-elite-team-w-storm-fit-tracksuit\/\"]}]},{\"@type\":\"ImageObject\",\"inLanguage\":\"fr-FR\",\"@id\":\"https:\/\/trackandfieldclothes.com\/nike-2024-pro-elite-team-w-storm-fit-tracksuit\/#primaryimage\",\"url\":\"https:\/\/trackandfieldclothes.com\/wp-content\/uploads\/2024\/06\/1C2ABA37-F8CD-4D31-AC98-58234858AF82.jpg\",\"contentUrl\":\"https:\/\/trackandfieldclothes.com\/wp-content\/uploads\/2024\/06\/1C2ABA37-F8CD-4D31-AC98-58234858AF82.jpg\",\"width\":1125,\"height\":1116,\"caption\":\"Nike 2024 Pro Elite Team W Storm Fit Tracksuit\"},{\"@type\":\"BreadcrumbList\",\"@id\":\"https:\/\/trackandfieldclothes.com\/nike-2024-pro-elite-team-w-storm-fit-tracksuit\/#breadcrumb\",\"itemListElement\":[{\"@type\":\"ListItem\",\"position\":1,\"name\":\"Home\",\"item\":\"https:\/\/trackandfieldclothes.com\/\"},{\"@type\":\"ListItem\",\"position\":2,\"name\":\"Shop\",\"item\":\"https:\/\/trackandfieldclothes.com\/shop\/\"},{\"@type\":\"ListItem\",\"position\":3,\"name\":\"Nike 2024 Pro Elite Team W Storm Fit Tracksuit\"}]},{\"@type\":\"WebSite\",\"@id\":\"https:\/\/trackandfieldclothes.com\/#website\",\"url\":\"https:\/\/trackandfieldclothes.com\/\",\"name\":\"Trackandfieldclothes\",\"description\":\"Trackandfieldclothes\",\"publisher\":{\"@id\":\"https:\/\/trackandfieldclothes.com\/#organization\"},\"potentialAction\":[{\"@type\":\"SearchAction\",\"target\":{\"@type\":\"EntryPoint\",\"urlTemplate\":\"https:\/\/trackandfieldclothes.com\/?s={search_term_string}\"},\"query-input\":{\"@type\":\"PropertyValueSpecification\",\"valueRequired\":true,\"valueName\":\"search_term_string\"}}],\"inLanguage\":\"fr-FR\"},{\"@type\":\"Organization\",\"@id\":\"https:\/\/trackandfieldclothes.com\/#organization\",\"name\":\"Trackandfieldclothes\",\"url\":\"https:\/\/trackandfieldclothes.com\/\",\"logo\":{\"@type\":\"ImageObject\",\"inLanguage\":\"fr-FR\",\"@id\":\"https:\/\/trackandfieldclothes.com\/#\/schema\/logo\/image\/\",\"url\":\"https:\/\/trackandfieldclothes.com\/wp-content\/uploads\/2022\/03\/logo-sin-fondo-2-2.jpg\",\"contentUrl\":\"https:\/\/trackandfieldclothes.com\/wp-content\/uploads\/2022\/03\/logo-sin-fondo-2-2.jpg\",\"width\":300,\"height\":300,\"caption\":\"Trackandfieldclothes\"},\"image\":{\"@id\":\"https:\/\/trackandfieldclothes.com\/#\/schema\/logo\/image\/\"},\"sameAs\":[\"https:\/\/www.facebook.com\/TrackandFieldClothes\",\"https:\/\/www.instagram.com\/trackandfieldclothes\"]}]}<\/script>\n<!-- \/ Yoast SEO plugin. -->","yoast_head_json":{"title":"Nike 2024 Pro Elite Team W Storm Fit Tracksuit | Trackandfieldclothes","robots":{"index":"index","follow":"follow","max-snippet":"max-snippet:-1","max-image-preview":"max-image-preview:large","max-video-preview":"max-video-preview:-1"},"canonical":"https:\/\/trackandfieldclothes.com\/fr\/nike-2024-pro-elite-team-w-storm-fit-tracksuit\/","og_locale":"fr_FR","og_type":"article","og_title":"Nike 2024 Pro Elite Team W Storm Fit Tracksuit | Trackandfieldclothes","og_description":"The same ones used by the professional athletes contracted by the Nike International Team during the 2024 season.This year's kit design was inspired by Dusky cool neutrals transition into vibrant joyful shades of diffused neon's. Embracing the repetition it takes to reach the levels of performance of an elite athlete.100% AuthenticColor: Black\/Fuchsia\/Luminous GreenJacket 100% PolyesterPants composition: Body 100% Polyester \/ Panel 68% Nylon - 31% SpandexZippered pocketsAdjustable and removable hoodVelcro adjustment at wristsAir VentsElastic waistband with drawstrings for waist adjustmentStorm FitMade in Vietnam","og_url":"https:\/\/trackandfieldclothes.com\/fr\/nike-2024-pro-elite-team-w-storm-fit-tracksuit\/","og_site_name":"Trackandfieldclothes","article_publisher":"https:\/\/www.facebook.com\/TrackandFieldClothes","article_modified_time":"2025-05-06T11:18:30+00:00","og_image":[{"width":1125,"height":1116,"url":"https:\/\/trackandfieldclothes.com\/wp-content\/uploads\/2024\/06\/1C2ABA37-F8CD-4D31-AC98-58234858AF82.jpg","type":"image\/jpeg"}],"twitter_card":"summary_large_image","twitter_misc":{"Dur\u00e9e de lecture estim\u00e9e":"1 minute"},"schema":{"@context":"https:\/\/schema.org","@graph":[{"@type":"WebPage","@id":"https:\/\/trackandfieldclothes.com\/nike-2024-pro-elite-team-w-storm-fit-tracksuit\/","url":"https:\/\/trackandfieldclothes.com\/nike-2024-pro-elite-team-w-storm-fit-tracksuit\/","name":"Nike 2024 Pro Elite Team W Storm Fit Tracksuit | Trackandfieldclothes","isPartOf":{"@id":"https:\/\/trackandfieldclothes.com\/#website"},"primaryImageOfPage":{"@id":"https:\/\/trackandfieldclothes.com\/nike-2024-pro-elite-team-w-storm-fit-tracksuit\/#primaryimage"},"image":{"@id":"https:\/\/trackandfieldclothes.com\/nike-2024-pro-elite-team-w-storm-fit-tracksuit\/#primaryimage"},"thumbnailUrl":"https:\/\/trackandfieldclothes.com\/wp-content\/uploads\/2024\/06\/1C2ABA37-F8CD-4D31-AC98-58234858AF82.jpg","datePublished":"2024-06-02T11:25:06+00:00","dateModified":"2025-05-06T11:18:30+00:00","breadcrumb":{"@id":"https:\/\/trackandfieldclothes.com\/nike-2024-pro-elite-team-w-storm-fit-tracksuit\/#breadcrumb"},"inLanguage":"fr-FR","potentialAction":[{"@type":"ReadAction","target":["https:\/\/trackandfieldclothes.com\/nike-2024-pro-elite-team-w-storm-fit-tracksuit\/"]}]},{"@type":"ImageObject","inLanguage":"fr-FR","@id":"https:\/\/trackandfieldclothes.com\/nike-2024-pro-elite-team-w-storm-fit-tracksuit\/#primaryimage","url":"https:\/\/trackandfieldclothes.com\/wp-content\/uploads\/2024\/06\/1C2ABA37-F8CD-4D31-AC98-58234858AF82.jpg","contentUrl":"https:\/\/trackandfieldclothes.com\/wp-content\/uploads\/2024\/06\/1C2ABA37-F8CD-4D31-AC98-58234858AF82.jpg","width":1125,"height":1116,"caption":"Nike 2024 Pro Elite Team W Storm Fit Tracksuit"},{"@type":"BreadcrumbList","@id":"https:\/\/trackandfieldclothes.com\/nike-2024-pro-elite-team-w-storm-fit-tracksuit\/#breadcrumb","itemListElement":[{"@type":"ListItem","position":1,"name":"Home","item":"https:\/\/trackandfieldclothes.com\/"},{"@type":"ListItem","position":2,"name":"Shop","item":"https:\/\/trackandfieldclothes.com\/shop\/"},{"@type":"ListItem","position":3,"name":"Nike 2024 Pro Elite Team W Storm Fit Tracksuit"}]},{"@type":"WebSite","@id":"https:\/\/trackandfieldclothes.com\/#website","url":"https:\/\/trackandfieldclothes.com\/","name":"Trackandfieldclothes","description":"Trackandfieldclothes","publisher":{"@id":"https:\/\/trackandfieldclothes.com\/#organization"},"potentialAction":[{"@type":"SearchAction","target":{"@type":"EntryPoint","urlTemplate":"https:\/\/trackandfieldclothes.com\/?s={search_term_string}"},"query-input":{"@type":"PropertyValueSpecification","valueRequired":true,"valueName":"search_term_string"}}],"inLanguage":"fr-FR"},{"@type":"Organization","@id":"https:\/\/trackandfieldclothes.com\/#organization","name":"Trackandfieldclothes","url":"https:\/\/trackandfieldclothes.com\/","logo":{"@type":"ImageObject","inLanguage":"fr-FR","@id":"https:\/\/trackandfieldclothes.com\/#\/schema\/logo\/image\/","url":"https:\/\/trackandfieldclothes.com\/wp-content\/uploads\/2022\/03\/logo-sin-fondo-2-2.jpg","contentUrl":"https:\/\/trackandfieldclothes.com\/wp-content\/uploads\/2022\/03\/logo-sin-fondo-2-2.jpg","width":300,"height":300,"caption":"Trackandfieldclothes"},"image":{"@id":"https:\/\/trackandfieldclothes.com\/#\/schema\/logo\/image\/"},"sameAs":["https:\/\/www.facebook.com\/TrackandFieldClothes","https:\/\/www.instagram.com\/trackandfieldclothes"]}]}},"jetpack_sharing_enabled":true,"_links":{"self":[{"href":"https:\/\/trackandfieldclothes.com\/fr\/wp-json\/wp\/v2\/product\/26424","targetHints":{"allow":["GET"]}}],"collection":[{"href":"https:\/\/trackandfieldclothes.com\/fr\/wp-json\/wp\/v2\/product"}],"about":[{"href":"https:\/\/trackandfieldclothes.com\/fr\/wp-json\/wp\/v2\/types\/product"}],"version-history":[{"count":0,"href":"https:\/\/trackandfieldclothes.com\/fr\/wp-json\/wp\/v2\/product\/26424\/revisions"}],"wp:featuredmedia":[{"embeddable":true,"href":"https:\/\/trackandfieldclothes.com\/fr\/wp-json\/wp\/v2\/media\/26431"}],"wp:attachment":[{"href":"https:\/\/trackandfieldclothes.com\/fr\/wp-json\/wp\/v2\/media?parent=26424"}],"wp:term":[{"taxonomy":"product_brand","embeddable":true,"href":"https:\/\/trackandfieldclothes.com\/fr\/wp-json\/wp\/v2\/product_brand?post=26424"},{"taxonomy":"product_cat","embeddable":true,"href":"https:\/\/trackandfieldclothes.com\/fr\/wp-json\/wp\/v2\/product_cat?post=26424"},{"taxonomy":"product_tag","embeddable":true,"href":"https:\/\/trackandfieldclothes.com\/fr\/wp-json\/wp\/v2\/product_tag?post=26424"},{"taxonomy":"giftcard-category","embeddable":true,"href":"https:\/\/trackandfieldclothes.com\/fr\/wp-json\/wp\/v2\/giftcard-category?post=26424"}],"curies":[{"name":"wp","href":"https:\/\/api.w.org\/{rel}","templated":true}]}}