
{"id":21982,"date":"2023-12-19T08:01:50","date_gmt":"2023-12-19T07:01:50","guid":{"rendered":"https:\/\/maniac.trackandfieldclothes.com\/?post_type=product&#038;p=21982"},"modified":"2026-03-29T16:40:31","modified_gmt":"2026-03-29T15:40:31","slug":"gift-card","status":"publish","type":"product","link":"https:\/\/trackandfieldclothes.com\/fr\/gift-card\/","title":{"rendered":"CARTE-CADEAU TFC"},"content":{"rendered":"<p>Un record personnel ? Une nouvelle saison ? Un cadeau d'anniversaire ? No\u00ebl ? Vous souhaitez simplement offrir un superbe cadeau, mais vous ne savez pas quel produit choisir parmi notre incroyable s\u00e9lection ? Offrez la carte cadeau TFC\u00ae.<\/p>\n<p>&nbsp;<\/p>\n<p>&nbsp;<\/p>\n<p>\u2013 Choisissez le montant que vous souhaitez offrir<\/p>\n<p>\u2013 R\u00e9diger une d\u00e9dicace<\/p>\n<p>\u2013 R\u00e9alisez le r\u00eave de votre proche<\/p>\n<p>Vous recevrez un code que vous pourrez utiliser pour vos futurs achats sur notre site web. Il n'a pas de date d'expiration et peut \u00eatre utilis\u00e9 autant de fois que vous le souhaitez jusqu'\u00e0 \u00e9puisement du solde de votre carte.<\/p>","protected":false},"excerpt":{"rendered":"<p>Personal best? New season? Birthday gift? Christmas? Just want to give a great gift but don&#8217;t know which product to<\/p>","protected":false},"featured_media":21980,"template":"","meta":[],"product_brand":[],"product_cat":[308],"product_tag":[],"giftcard-category":[],"class_list":{"0":"post-21982","1":"product","2":"type-product","3":"status-publish","4":"has-post-thumbnail","6":"product_cat-men","8":"first","9":"instock","10":"featured","11":"virtual","12":"purchasable","13":"product-type-gift-card"},"yoast_head":"<!-- This site is optimized with the Yoast SEO plugin v25.7 - https:\/\/yoast.com\/wordpress\/plugins\/seo\/ -->\n<title>TFC Gift Card | Trackandfieldclothes<\/title>\n<meta name=\"robots\" content=\"index, follow, max-snippet:-1, max-image-preview:large, max-video-preview:-1\" \/>\n<link rel=\"canonical\" href=\"https:\/\/trackandfieldclothes.com\/fr\/gift-card\/\" \/>\n<meta property=\"og:locale\" content=\"fr_FR\" \/>\n<meta property=\"og:type\" content=\"article\" \/>\n<meta property=\"og:title\" content=\"TFC Gift Card | Trackandfieldclothes\" \/>\n<meta property=\"og:description\" content=\"Personal best? New season? Birthday gift? Christmas? Just want to give a great gift but don&#8217;t know which product to\" \/>\n<meta property=\"og:url\" content=\"https:\/\/trackandfieldclothes.com\/fr\/gift-card\/\" \/>\n<meta property=\"og:site_name\" content=\"Trackandfieldclothes\" \/>\n<meta property=\"article:publisher\" content=\"https:\/\/www.facebook.com\/TrackandFieldClothes\" \/>\n<meta property=\"article:modified_time\" content=\"2026-03-29T15:40:31+00:00\" \/>\n<meta property=\"og:image\" content=\"https:\/\/trackandfieldclothes.com\/wp-content\/uploads\/2023\/10\/Producto_1.jpg\" \/>\n\t<meta property=\"og:image:width\" content=\"1080\" \/>\n\t<meta property=\"og:image:height\" content=\"1080\" \/>\n\t<meta property=\"og:image:type\" content=\"image\/jpeg\" \/>\n<meta name=\"twitter:card\" content=\"summary_large_image\" \/>\n<meta name=\"twitter:label1\" content=\"Dur\u00e9e de lecture estim\u00e9e\" \/>\n\t<meta name=\"twitter:data1\" content=\"1 minute\" \/>\n<script type=\"application\/ld+json\" class=\"yoast-schema-graph\">{\"@context\":\"https:\/\/schema.org\",\"@graph\":[{\"@type\":\"WebPage\",\"@id\":\"https:\/\/trackandfieldclothes.com\/gift-card\/\",\"url\":\"https:\/\/trackandfieldclothes.com\/gift-card\/\",\"name\":\"TFC Gift Card | Trackandfieldclothes\",\"isPartOf\":{\"@id\":\"https:\/\/trackandfieldclothes.com\/#website\"},\"primaryImageOfPage\":{\"@id\":\"https:\/\/trackandfieldclothes.com\/gift-card\/#primaryimage\"},\"image\":{\"@id\":\"https:\/\/trackandfieldclothes.com\/gift-card\/#primaryimage\"},\"thumbnailUrl\":\"https:\/\/trackandfieldclothes.com\/wp-content\/uploads\/2023\/10\/Producto_1.jpg\",\"datePublished\":\"2023-12-19T07:01:50+00:00\",\"dateModified\":\"2026-03-29T15:40:31+00:00\",\"breadcrumb\":{\"@id\":\"https:\/\/trackandfieldclothes.com\/gift-card\/#breadcrumb\"},\"inLanguage\":\"fr-FR\",\"potentialAction\":[{\"@type\":\"ReadAction\",\"target\":[\"https:\/\/trackandfieldclothes.com\/gift-card\/\"]}]},{\"@type\":\"ImageObject\",\"inLanguage\":\"fr-FR\",\"@id\":\"https:\/\/trackandfieldclothes.com\/gift-card\/#primaryimage\",\"url\":\"https:\/\/trackandfieldclothes.com\/wp-content\/uploads\/2023\/10\/Producto_1.jpg\",\"contentUrl\":\"https:\/\/trackandfieldclothes.com\/wp-content\/uploads\/2023\/10\/Producto_1.jpg\",\"width\":1080,\"height\":1080},{\"@type\":\"BreadcrumbList\",\"@id\":\"https:\/\/trackandfieldclothes.com\/gift-card\/#breadcrumb\",\"itemListElement\":[{\"@type\":\"ListItem\",\"position\":1,\"name\":\"Home\",\"item\":\"https:\/\/trackandfieldclothes.com\/\"},{\"@type\":\"ListItem\",\"position\":2,\"name\":\"Shop\",\"item\":\"https:\/\/trackandfieldclothes.com\/shop\/\"},{\"@type\":\"ListItem\",\"position\":3,\"name\":\"TFC Gift Card\"}]},{\"@type\":\"WebSite\",\"@id\":\"https:\/\/trackandfieldclothes.com\/#website\",\"url\":\"https:\/\/trackandfieldclothes.com\/\",\"name\":\"Trackandfieldclothes\",\"description\":\"Trackandfieldclothes\",\"publisher\":{\"@id\":\"https:\/\/trackandfieldclothes.com\/#organization\"},\"potentialAction\":[{\"@type\":\"SearchAction\",\"target\":{\"@type\":\"EntryPoint\",\"urlTemplate\":\"https:\/\/trackandfieldclothes.com\/?s={search_term_string}\"},\"query-input\":{\"@type\":\"PropertyValueSpecification\",\"valueRequired\":true,\"valueName\":\"search_term_string\"}}],\"inLanguage\":\"fr-FR\"},{\"@type\":\"Organization\",\"@id\":\"https:\/\/trackandfieldclothes.com\/#organization\",\"name\":\"Trackandfieldclothes\",\"url\":\"https:\/\/trackandfieldclothes.com\/\",\"logo\":{\"@type\":\"ImageObject\",\"inLanguage\":\"fr-FR\",\"@id\":\"https:\/\/trackandfieldclothes.com\/#\/schema\/logo\/image\/\",\"url\":\"https:\/\/trackandfieldclothes.com\/wp-content\/uploads\/2022\/03\/logo-sin-fondo-2-2.jpg\",\"contentUrl\":\"https:\/\/trackandfieldclothes.com\/wp-content\/uploads\/2022\/03\/logo-sin-fondo-2-2.jpg\",\"width\":300,\"height\":300,\"caption\":\"Trackandfieldclothes\"},\"image\":{\"@id\":\"https:\/\/trackandfieldclothes.com\/#\/schema\/logo\/image\/\"},\"sameAs\":[\"https:\/\/www.facebook.com\/TrackandFieldClothes\",\"https:\/\/www.instagram.com\/trackandfieldclothes\"]}]}<\/script>\n<!-- \/ Yoast SEO plugin. -->","yoast_head_json":{"title":"TFC Gift Card | Trackandfieldclothes","robots":{"index":"index","follow":"follow","max-snippet":"max-snippet:-1","max-image-preview":"max-image-preview:large","max-video-preview":"max-video-preview:-1"},"canonical":"https:\/\/trackandfieldclothes.com\/fr\/gift-card\/","og_locale":"fr_FR","og_type":"article","og_title":"TFC Gift Card | Trackandfieldclothes","og_description":"Personal best? New season? Birthday gift? Christmas? Just want to give a great gift but don&#8217;t know which product to","og_url":"https:\/\/trackandfieldclothes.com\/fr\/gift-card\/","og_site_name":"Trackandfieldclothes","article_publisher":"https:\/\/www.facebook.com\/TrackandFieldClothes","article_modified_time":"2026-03-29T15:40:31+00:00","og_image":[{"width":1080,"height":1080,"url":"https:\/\/trackandfieldclothes.com\/wp-content\/uploads\/2023\/10\/Producto_1.jpg","type":"image\/jpeg"}],"twitter_card":"summary_large_image","twitter_misc":{"Dur\u00e9e de lecture estim\u00e9e":"1 minute"},"schema":{"@context":"https:\/\/schema.org","@graph":[{"@type":"WebPage","@id":"https:\/\/trackandfieldclothes.com\/gift-card\/","url":"https:\/\/trackandfieldclothes.com\/gift-card\/","name":"TFC Gift Card | Trackandfieldclothes","isPartOf":{"@id":"https:\/\/trackandfieldclothes.com\/#website"},"primaryImageOfPage":{"@id":"https:\/\/trackandfieldclothes.com\/gift-card\/#primaryimage"},"image":{"@id":"https:\/\/trackandfieldclothes.com\/gift-card\/#primaryimage"},"thumbnailUrl":"https:\/\/trackandfieldclothes.com\/wp-content\/uploads\/2023\/10\/Producto_1.jpg","datePublished":"2023-12-19T07:01:50+00:00","dateModified":"2026-03-29T15:40:31+00:00","breadcrumb":{"@id":"https:\/\/trackandfieldclothes.com\/gift-card\/#breadcrumb"},"inLanguage":"fr-FR","potentialAction":[{"@type":"ReadAction","target":["https:\/\/trackandfieldclothes.com\/gift-card\/"]}]},{"@type":"ImageObject","inLanguage":"fr-FR","@id":"https:\/\/trackandfieldclothes.com\/gift-card\/#primaryimage","url":"https:\/\/trackandfieldclothes.com\/wp-content\/uploads\/2023\/10\/Producto_1.jpg","contentUrl":"https:\/\/trackandfieldclothes.com\/wp-content\/uploads\/2023\/10\/Producto_1.jpg","width":1080,"height":1080},{"@type":"BreadcrumbList","@id":"https:\/\/trackandfieldclothes.com\/gift-card\/#breadcrumb","itemListElement":[{"@type":"ListItem","position":1,"name":"Home","item":"https:\/\/trackandfieldclothes.com\/"},{"@type":"ListItem","position":2,"name":"Shop","item":"https:\/\/trackandfieldclothes.com\/shop\/"},{"@type":"ListItem","position":3,"name":"TFC Gift Card"}]},{"@type":"WebSite","@id":"https:\/\/trackandfieldclothes.com\/#website","url":"https:\/\/trackandfieldclothes.com\/","name":"Trackandfieldclothes","description":"Trackandfieldclothes","publisher":{"@id":"https:\/\/trackandfieldclothes.com\/#organization"},"potentialAction":[{"@type":"SearchAction","target":{"@type":"EntryPoint","urlTemplate":"https:\/\/trackandfieldclothes.com\/?s={search_term_string}"},"query-input":{"@type":"PropertyValueSpecification","valueRequired":true,"valueName":"search_term_string"}}],"inLanguage":"fr-FR"},{"@type":"Organization","@id":"https:\/\/trackandfieldclothes.com\/#organization","name":"Trackandfieldclothes","url":"https:\/\/trackandfieldclothes.com\/","logo":{"@type":"ImageObject","inLanguage":"fr-FR","@id":"https:\/\/trackandfieldclothes.com\/#\/schema\/logo\/image\/","url":"https:\/\/trackandfieldclothes.com\/wp-content\/uploads\/2022\/03\/logo-sin-fondo-2-2.jpg","contentUrl":"https:\/\/trackandfieldclothes.com\/wp-content\/uploads\/2022\/03\/logo-sin-fondo-2-2.jpg","width":300,"height":300,"caption":"Trackandfieldclothes"},"image":{"@id":"https:\/\/trackandfieldclothes.com\/#\/schema\/logo\/image\/"},"sameAs":["https:\/\/www.facebook.com\/TrackandFieldClothes","https:\/\/www.instagram.com\/trackandfieldclothes"]}]}},"jetpack_sharing_enabled":true,"_links":{"self":[{"href":"https:\/\/trackandfieldclothes.com\/fr\/wp-json\/wp\/v2\/product\/21982","targetHints":{"allow":["GET"]}}],"collection":[{"href":"https:\/\/trackandfieldclothes.com\/fr\/wp-json\/wp\/v2\/product"}],"about":[{"href":"https:\/\/trackandfieldclothes.com\/fr\/wp-json\/wp\/v2\/types\/product"}],"version-history":[{"count":1,"href":"https:\/\/trackandfieldclothes.com\/fr\/wp-json\/wp\/v2\/product\/21982\/revisions"}],"predecessor-version":[{"id":46012,"href":"https:\/\/trackandfieldclothes.com\/fr\/wp-json\/wp\/v2\/product\/21982\/revisions\/46012"}],"wp:featuredmedia":[{"embeddable":true,"href":"https:\/\/trackandfieldclothes.com\/fr\/wp-json\/wp\/v2\/media\/21980"}],"wp:attachment":[{"href":"https:\/\/trackandfieldclothes.com\/fr\/wp-json\/wp\/v2\/media?parent=21982"}],"wp:term":[{"taxonomy":"product_brand","embeddable":true,"href":"https:\/\/trackandfieldclothes.com\/fr\/wp-json\/wp\/v2\/product_brand?post=21982"},{"taxonomy":"product_cat","embeddable":true,"href":"https:\/\/trackandfieldclothes.com\/fr\/wp-json\/wp\/v2\/product_cat?post=21982"},{"taxonomy":"product_tag","embeddable":true,"href":"https:\/\/trackandfieldclothes.com\/fr\/wp-json\/wp\/v2\/product_tag?post=21982"},{"taxonomy":"giftcard-category","embeddable":true,"href":"https:\/\/trackandfieldclothes.com\/fr\/wp-json\/wp\/v2\/giftcard-category?post=21982"}],"curies":[{"name":"wp","href":"https:\/\/api.w.org\/{rel}","templated":true}]}}