
{"id":27634,"date":"2024-06-02T13:37:04","date_gmt":"2024-06-02T11:37:04","guid":{"rendered":"https:\/\/trackandfieldclothes.com\/?post_type=product&#038;p=27634"},"modified":"2025-05-06T13:18:02","modified_gmt":"2025-05-06T11:18:02","slug":"nike-2024-pro-elite-team-running-hat","status":"publish","type":"product","link":"https:\/\/trackandfieldclothes.com\/es\/nike-2024-pro-elite-team-running-hat\/","title":{"rendered":"Nike 2024 Pro Elite Team Running Hat"},"content":{"rendered":"","protected":false},"excerpt":{"rendered":"<p>The same ones used by the professional athletes contracted by the <strong>Nike International Team<\/strong> during the <strong>2024<\/strong> season.<\/p>\n<blockquote>\n<p><em>El dise\u00f1o de la equipaci\u00f3n de este a\u00f1o se inspira en la transici\u00f3n de los tonos neutros oscuros y fr\u00edos a los tonos vibrantes y alegres del ne\u00f3n difuso. La repetici\u00f3n es necesaria para alcanzar los niveles de rendimiento de un atleta de \u00e9lite.<\/em><\/p>\n<\/blockquote>\n<ul>\n<li><strong>100% Original<\/strong><\/li>\n<li>Color: Smoke Grey\/Luminous Green<\/li>\n<li>80% Polyester &#8211; 20% Spandex<\/li>\n<li>Dri-Fit<\/li>\n<li>Hecho en China<\/li>\n<\/ul>","protected":false},"featured_media":27636,"template":"","meta":[],"product_brand":[402],"product_cat":[308,309,310,311,15,302],"product_tag":[410,411,466,412],"giftcard-category":[],"class_list":{"0":"post-27634","1":"product","2":"type-product","3":"status-publish","4":"has-post-thumbnail","6":"product_brand-nike","7":"product_cat-men","8":"product_cat-women","9":"product_cat-pro-elite-teams","10":"product_cat-nike-pro-elite-team","11":"product_cat-clothes","12":"product_cat-accessories","13":"product_tag-clothes","14":"product_tag-men","15":"product_tag-nike-2024","16":"product_tag-women","18":"first","19":"outofstock","20":"shipping-taxable","21":"purchasable","22":"product-type-simple"},"yoast_head":"<!-- This site is optimized with the Yoast SEO plugin v25.7 - https:\/\/yoast.com\/wordpress\/plugins\/seo\/ -->\n<title>Nike 2024 Pro Elite Team Running Hat | Trackandfieldclothes<\/title>\n<meta name=\"robots\" content=\"index, follow, max-snippet:-1, max-image-preview:large, max-video-preview:-1\" \/>\n<link rel=\"canonical\" href=\"https:\/\/trackandfieldclothes.com\/es\/nike-2024-pro-elite-team-running-hat\/\" \/>\n<meta property=\"og:locale\" content=\"es_ES\" \/>\n<meta property=\"og:type\" content=\"article\" \/>\n<meta property=\"og:title\" content=\"Nike 2024 Pro Elite Team Running Hat | Trackandfieldclothes\" \/>\n<meta property=\"og:description\" content=\"The same ones used by the professional athletes contracted by the Nike International Team during the 2024 season.This year&#039;s kit design was inspired by Dusky cool neutrals transition into vibrant joyful shades of diffused neon&#039;s. Embracing the repetition it takes to reach the levels of performance of an elite athlete.100% AuthenticColor: Smoke Grey\/Luminous Green80% Polyester - 20% SpandexDri-FitMade in China\" \/>\n<meta property=\"og:url\" content=\"https:\/\/trackandfieldclothes.com\/es\/nike-2024-pro-elite-team-running-hat\/\" \/>\n<meta property=\"og:site_name\" content=\"Trackandfieldclothes\" \/>\n<meta property=\"article:publisher\" content=\"https:\/\/www.facebook.com\/TrackandFieldClothes\" \/>\n<meta property=\"article:modified_time\" content=\"2025-05-06T11:18:02+00:00\" \/>\n<meta property=\"og:image\" content=\"https:\/\/trackandfieldclothes.com\/wp-content\/uploads\/2024\/07\/4C4B985F-C3F1-414F-90DF-B979F86AFEAC.jpg\" \/>\n\t<meta property=\"og:image:width\" content=\"1290\" \/>\n\t<meta property=\"og:image:height\" content=\"1277\" \/>\n\t<meta property=\"og:image:type\" content=\"image\/jpeg\" \/>\n<meta name=\"twitter:card\" content=\"summary_large_image\" \/>\n<meta name=\"twitter:label1\" content=\"Tiempo de lectura\" \/>\n\t<meta name=\"twitter:data1\" content=\"1 minuto\" \/>\n<script type=\"application\/ld+json\" class=\"yoast-schema-graph\">{\"@context\":\"https:\/\/schema.org\",\"@graph\":[{\"@type\":\"WebPage\",\"@id\":\"https:\/\/trackandfieldclothes.com\/nike-2024-pro-elite-team-running-hat\/\",\"url\":\"https:\/\/trackandfieldclothes.com\/nike-2024-pro-elite-team-running-hat\/\",\"name\":\"Nike 2024 Pro Elite Team Running Hat | Trackandfieldclothes\",\"isPartOf\":{\"@id\":\"https:\/\/trackandfieldclothes.com\/#website\"},\"primaryImageOfPage\":{\"@id\":\"https:\/\/trackandfieldclothes.com\/nike-2024-pro-elite-team-running-hat\/#primaryimage\"},\"image\":{\"@id\":\"https:\/\/trackandfieldclothes.com\/nike-2024-pro-elite-team-running-hat\/#primaryimage\"},\"thumbnailUrl\":\"https:\/\/trackandfieldclothes.com\/wp-content\/uploads\/2024\/07\/4C4B985F-C3F1-414F-90DF-B979F86AFEAC.jpg\",\"datePublished\":\"2024-06-02T11:37:04+00:00\",\"dateModified\":\"2025-05-06T11:18:02+00:00\",\"breadcrumb\":{\"@id\":\"https:\/\/trackandfieldclothes.com\/nike-2024-pro-elite-team-running-hat\/#breadcrumb\"},\"inLanguage\":\"es\",\"potentialAction\":[{\"@type\":\"ReadAction\",\"target\":[\"https:\/\/trackandfieldclothes.com\/nike-2024-pro-elite-team-running-hat\/\"]}]},{\"@type\":\"ImageObject\",\"inLanguage\":\"es\",\"@id\":\"https:\/\/trackandfieldclothes.com\/nike-2024-pro-elite-team-running-hat\/#primaryimage\",\"url\":\"https:\/\/trackandfieldclothes.com\/wp-content\/uploads\/2024\/07\/4C4B985F-C3F1-414F-90DF-B979F86AFEAC.jpg\",\"contentUrl\":\"https:\/\/trackandfieldclothes.com\/wp-content\/uploads\/2024\/07\/4C4B985F-C3F1-414F-90DF-B979F86AFEAC.jpg\",\"width\":1290,\"height\":1277,\"caption\":\"Nike 2024 Pro Elite Team Running Hat\"},{\"@type\":\"BreadcrumbList\",\"@id\":\"https:\/\/trackandfieldclothes.com\/nike-2024-pro-elite-team-running-hat\/#breadcrumb\",\"itemListElement\":[{\"@type\":\"ListItem\",\"position\":1,\"name\":\"Home\",\"item\":\"https:\/\/trackandfieldclothes.com\/\"},{\"@type\":\"ListItem\",\"position\":2,\"name\":\"Shop\",\"item\":\"https:\/\/trackandfieldclothes.com\/shop\/\"},{\"@type\":\"ListItem\",\"position\":3,\"name\":\"Nike 2024 Pro Elite Team Running Hat\"}]},{\"@type\":\"WebSite\",\"@id\":\"https:\/\/trackandfieldclothes.com\/#website\",\"url\":\"https:\/\/trackandfieldclothes.com\/\",\"name\":\"Trackandfieldclothes\",\"description\":\"Trackandfieldclothes\",\"publisher\":{\"@id\":\"https:\/\/trackandfieldclothes.com\/#organization\"},\"potentialAction\":[{\"@type\":\"SearchAction\",\"target\":{\"@type\":\"EntryPoint\",\"urlTemplate\":\"https:\/\/trackandfieldclothes.com\/?s={search_term_string}\"},\"query-input\":{\"@type\":\"PropertyValueSpecification\",\"valueRequired\":true,\"valueName\":\"search_term_string\"}}],\"inLanguage\":\"es\"},{\"@type\":\"Organization\",\"@id\":\"https:\/\/trackandfieldclothes.com\/#organization\",\"name\":\"Trackandfieldclothes\",\"url\":\"https:\/\/trackandfieldclothes.com\/\",\"logo\":{\"@type\":\"ImageObject\",\"inLanguage\":\"es\",\"@id\":\"https:\/\/trackandfieldclothes.com\/#\/schema\/logo\/image\/\",\"url\":\"https:\/\/trackandfieldclothes.com\/wp-content\/uploads\/2022\/03\/logo-sin-fondo-2-2.jpg\",\"contentUrl\":\"https:\/\/trackandfieldclothes.com\/wp-content\/uploads\/2022\/03\/logo-sin-fondo-2-2.jpg\",\"width\":300,\"height\":300,\"caption\":\"Trackandfieldclothes\"},\"image\":{\"@id\":\"https:\/\/trackandfieldclothes.com\/#\/schema\/logo\/image\/\"},\"sameAs\":[\"https:\/\/www.facebook.com\/TrackandFieldClothes\",\"https:\/\/www.instagram.com\/trackandfieldclothes\"]}]}<\/script>\n<!-- \/ Yoast SEO plugin. -->","yoast_head_json":{"title":"Nike 2024 Pro Elite Team Running Hat | Trackandfieldclothes","robots":{"index":"index","follow":"follow","max-snippet":"max-snippet:-1","max-image-preview":"max-image-preview:large","max-video-preview":"max-video-preview:-1"},"canonical":"https:\/\/trackandfieldclothes.com\/es\/nike-2024-pro-elite-team-running-hat\/","og_locale":"es_ES","og_type":"article","og_title":"Nike 2024 Pro Elite Team Running Hat | Trackandfieldclothes","og_description":"The same ones used by the professional athletes contracted by the Nike International Team during the 2024 season.This year's kit design was inspired by Dusky cool neutrals transition into vibrant joyful shades of diffused neon's. Embracing the repetition it takes to reach the levels of performance of an elite athlete.100% AuthenticColor: Smoke Grey\/Luminous Green80% Polyester - 20% SpandexDri-FitMade in China","og_url":"https:\/\/trackandfieldclothes.com\/es\/nike-2024-pro-elite-team-running-hat\/","og_site_name":"Trackandfieldclothes","article_publisher":"https:\/\/www.facebook.com\/TrackandFieldClothes","article_modified_time":"2025-05-06T11:18:02+00:00","og_image":[{"width":1290,"height":1277,"url":"https:\/\/trackandfieldclothes.com\/wp-content\/uploads\/2024\/07\/4C4B985F-C3F1-414F-90DF-B979F86AFEAC.jpg","type":"image\/jpeg"}],"twitter_card":"summary_large_image","twitter_misc":{"Tiempo de lectura":"1 minuto"},"schema":{"@context":"https:\/\/schema.org","@graph":[{"@type":"WebPage","@id":"https:\/\/trackandfieldclothes.com\/nike-2024-pro-elite-team-running-hat\/","url":"https:\/\/trackandfieldclothes.com\/nike-2024-pro-elite-team-running-hat\/","name":"Nike 2024 Pro Elite Team Running Hat | Trackandfieldclothes","isPartOf":{"@id":"https:\/\/trackandfieldclothes.com\/#website"},"primaryImageOfPage":{"@id":"https:\/\/trackandfieldclothes.com\/nike-2024-pro-elite-team-running-hat\/#primaryimage"},"image":{"@id":"https:\/\/trackandfieldclothes.com\/nike-2024-pro-elite-team-running-hat\/#primaryimage"},"thumbnailUrl":"https:\/\/trackandfieldclothes.com\/wp-content\/uploads\/2024\/07\/4C4B985F-C3F1-414F-90DF-B979F86AFEAC.jpg","datePublished":"2024-06-02T11:37:04+00:00","dateModified":"2025-05-06T11:18:02+00:00","breadcrumb":{"@id":"https:\/\/trackandfieldclothes.com\/nike-2024-pro-elite-team-running-hat\/#breadcrumb"},"inLanguage":"es","potentialAction":[{"@type":"ReadAction","target":["https:\/\/trackandfieldclothes.com\/nike-2024-pro-elite-team-running-hat\/"]}]},{"@type":"ImageObject","inLanguage":"es","@id":"https:\/\/trackandfieldclothes.com\/nike-2024-pro-elite-team-running-hat\/#primaryimage","url":"https:\/\/trackandfieldclothes.com\/wp-content\/uploads\/2024\/07\/4C4B985F-C3F1-414F-90DF-B979F86AFEAC.jpg","contentUrl":"https:\/\/trackandfieldclothes.com\/wp-content\/uploads\/2024\/07\/4C4B985F-C3F1-414F-90DF-B979F86AFEAC.jpg","width":1290,"height":1277,"caption":"Nike 2024 Pro Elite Team Running Hat"},{"@type":"BreadcrumbList","@id":"https:\/\/trackandfieldclothes.com\/nike-2024-pro-elite-team-running-hat\/#breadcrumb","itemListElement":[{"@type":"ListItem","position":1,"name":"Home","item":"https:\/\/trackandfieldclothes.com\/"},{"@type":"ListItem","position":2,"name":"Shop","item":"https:\/\/trackandfieldclothes.com\/shop\/"},{"@type":"ListItem","position":3,"name":"Nike 2024 Pro Elite Team Running Hat"}]},{"@type":"WebSite","@id":"https:\/\/trackandfieldclothes.com\/#website","url":"https:\/\/trackandfieldclothes.com\/","name":"Trackandfieldclothes","description":"Trackandfieldclothes","publisher":{"@id":"https:\/\/trackandfieldclothes.com\/#organization"},"potentialAction":[{"@type":"SearchAction","target":{"@type":"EntryPoint","urlTemplate":"https:\/\/trackandfieldclothes.com\/?s={search_term_string}"},"query-input":{"@type":"PropertyValueSpecification","valueRequired":true,"valueName":"search_term_string"}}],"inLanguage":"es"},{"@type":"Organization","@id":"https:\/\/trackandfieldclothes.com\/#organization","name":"Trackandfieldclothes","url":"https:\/\/trackandfieldclothes.com\/","logo":{"@type":"ImageObject","inLanguage":"es","@id":"https:\/\/trackandfieldclothes.com\/#\/schema\/logo\/image\/","url":"https:\/\/trackandfieldclothes.com\/wp-content\/uploads\/2022\/03\/logo-sin-fondo-2-2.jpg","contentUrl":"https:\/\/trackandfieldclothes.com\/wp-content\/uploads\/2022\/03\/logo-sin-fondo-2-2.jpg","width":300,"height":300,"caption":"Trackandfieldclothes"},"image":{"@id":"https:\/\/trackandfieldclothes.com\/#\/schema\/logo\/image\/"},"sameAs":["https:\/\/www.facebook.com\/TrackandFieldClothes","https:\/\/www.instagram.com\/trackandfieldclothes"]}]}},"jetpack_sharing_enabled":true,"_links":{"self":[{"href":"https:\/\/trackandfieldclothes.com\/es\/wp-json\/wp\/v2\/product\/27634","targetHints":{"allow":["GET"]}}],"collection":[{"href":"https:\/\/trackandfieldclothes.com\/es\/wp-json\/wp\/v2\/product"}],"about":[{"href":"https:\/\/trackandfieldclothes.com\/es\/wp-json\/wp\/v2\/types\/product"}],"version-history":[{"count":0,"href":"https:\/\/trackandfieldclothes.com\/es\/wp-json\/wp\/v2\/product\/27634\/revisions"}],"wp:featuredmedia":[{"embeddable":true,"href":"https:\/\/trackandfieldclothes.com\/es\/wp-json\/wp\/v2\/media\/27636"}],"wp:attachment":[{"href":"https:\/\/trackandfieldclothes.com\/es\/wp-json\/wp\/v2\/media?parent=27634"}],"wp:term":[{"taxonomy":"product_brand","embeddable":true,"href":"https:\/\/trackandfieldclothes.com\/es\/wp-json\/wp\/v2\/product_brand?post=27634"},{"taxonomy":"product_cat","embeddable":true,"href":"https:\/\/trackandfieldclothes.com\/es\/wp-json\/wp\/v2\/product_cat?post=27634"},{"taxonomy":"product_tag","embeddable":true,"href":"https:\/\/trackandfieldclothes.com\/es\/wp-json\/wp\/v2\/product_tag?post=27634"},{"taxonomy":"giftcard-category","embeddable":true,"href":"https:\/\/trackandfieldclothes.com\/es\/wp-json\/wp\/v2\/giftcard-category?post=27634"}],"curies":[{"name":"wp","href":"https:\/\/api.w.org\/{rel}","templated":true}]}}