
{"id":29042,"date":"2024-06-02T11:54:10","date_gmt":"2024-06-02T10:54:10","guid":{"rendered":"https:\/\/trackandfieldclothes.com\/?post_type=product&#038;p=29042"},"modified":"2026-03-02T22:41:31","modified_gmt":"2026-03-02T21:41:31","slug":"nike-2024-pro-elite-team-sleeveless-speedsuit","status":"publish","type":"product","link":"https:\/\/trackandfieldclothes.com\/de\/nike-2024-pro-elite-team-sleeveless-speedsuit\/","title":{"rendered":"Nike 2024 Pro Elite Team Sleeveless Speedsuit"},"content":{"rendered":"","protected":false},"excerpt":{"rendered":"<p>The same ones used by the professional athletes contracted by the <strong>Nike International Team<\/strong> during the <strong>2024<\/strong> season.<\/p>\n<blockquote><p><em>Das diesj\u00e4hrige Design der Trikots wurde von d\u00fcsteren, k\u00fchlen Neutralt\u00f6nen inspiriert, die in lebhafte, fr\u00f6hliche Neont\u00f6ne \u00fcbergehen. Die Wiederholung, die n\u00f6tig ist, um das Leistungsniveau eines Spitzensportlers zu erreichen, wird dabei ber\u00fccksichtigt.<\/em><\/p><\/blockquote>\n<ul>\n<li><strong>100% Authentisch<\/strong><\/li>\n<li>Color: Fuchsia \/ Smoke Grey \/ Black \/ Luminous Green<\/li>\n<li>Body: 83% Polyester &#8211; 17% Elastane \/ Panels: 86% Polyester &#8211; 14% Elastane \/ Panels lining: 88% Polyester &#8211; 12% Elastane<\/li>\n<li>Dri-Fit ADV<\/li>\n<li>Breathable: perforated material for breathability<\/li>\n<li>Lightweight<\/li>\n<li>Z\u00edper closure at chest<\/li>\n<li>Worn by a professional athlete in perfect condition. Tag cut<\/li>\n<li>Hergestellt in den USA<\/li>\n<\/ul>","protected":false},"featured_media":29046,"template":"","meta":[],"product_brand":[402],"product_cat":[308,310,311,15,286],"product_tag":[410,411,466],"giftcard-category":[],"class_list":{"0":"post-29042","1":"product","2":"type-product","3":"status-publish","4":"has-post-thumbnail","6":"product_brand-nike","7":"product_cat-men","8":"product_cat-pro-elite-teams","9":"product_cat-nike-pro-elite-team","10":"product_cat-clothes","11":"product_cat-speedsuits","12":"product_tag-clothes","13":"product_tag-men","14":"product_tag-nike-2024","16":"first","17":"outofstock","18":"sale","19":"shipping-taxable","20":"purchasable","21":"product-type-variable","22":"has-default-attributes"},"yoast_head":"<!-- This site is optimized with the Yoast SEO plugin v25.7 - https:\/\/yoast.com\/wordpress\/plugins\/seo\/ -->\n<title>Nike 2024 Pro Elite Team Sleeveless Speedsuit | Trackandfieldclothes<\/title>\n<meta name=\"robots\" content=\"index, follow, max-snippet:-1, max-image-preview:large, max-video-preview:-1\" \/>\n<link rel=\"canonical\" href=\"https:\/\/trackandfieldclothes.com\/de\/nike-2024-pro-elite-team-sleeveless-speedsuit\/\" \/>\n<meta property=\"og:locale\" content=\"de_DE\" \/>\n<meta property=\"og:type\" content=\"article\" \/>\n<meta property=\"og:title\" content=\"Nike 2024 Pro Elite Team Sleeveless Speedsuit | Trackandfieldclothes\" \/>\n<meta property=\"og:description\" content=\"The same ones used by the professional athletes contracted by the Nike International Team during the 2024 season. This year&#039;s kit design was inspired by Dusky cool neutrals transition into vibrant joyful shades of diffused neon&#039;s. Embracing the repetition it takes to reach the levels of performance of an elite athlete.   100% Authentic  Color: Fuchsia \/ Smoke Grey \/ Black \/ Luminous Green  Body: 83% Polyester - 17% Elastane \/ Panels: 86% Polyester - 14% Elastane \/ Panels lining: 88% Polyester - 12% Elastane  Dri-Fit ADV  Breathable: perforated material for breathability  Lightweight  Z\u00edper closure at chest  Worn by a professional athlete in perfect condition. Tag cut  Made in USA\" \/>\n<meta property=\"og:url\" content=\"https:\/\/trackandfieldclothes.com\/de\/nike-2024-pro-elite-team-sleeveless-speedsuit\/\" \/>\n<meta property=\"og:site_name\" content=\"Trackandfieldclothes\" \/>\n<meta property=\"article:publisher\" content=\"https:\/\/www.facebook.com\/TrackandFieldClothes\" \/>\n<meta property=\"article:modified_time\" content=\"2026-03-02T21:41:31+00:00\" \/>\n<meta property=\"og:image\" content=\"https:\/\/trackandfieldclothes.com\/wp-content\/uploads\/2024\/09\/031F9B32-8B70-4BBF-A0A0-C55DA2E36874.jpg\" \/>\n\t<meta property=\"og:image:width\" content=\"1290\" \/>\n\t<meta property=\"og:image:height\" content=\"1285\" \/>\n\t<meta property=\"og:image:type\" content=\"image\/jpeg\" \/>\n<meta name=\"twitter:card\" content=\"summary_large_image\" \/>\n<meta name=\"twitter:label1\" content=\"Gesch\u00e4tzte Lesezeit\" \/>\n\t<meta name=\"twitter:data1\" content=\"1\u00a0Minute\" \/>\n<script type=\"application\/ld+json\" class=\"yoast-schema-graph\">{\"@context\":\"https:\/\/schema.org\",\"@graph\":[{\"@type\":\"WebPage\",\"@id\":\"https:\/\/trackandfieldclothes.com\/nike-2024-pro-elite-team-sleeveless-speedsuit\/\",\"url\":\"https:\/\/trackandfieldclothes.com\/nike-2024-pro-elite-team-sleeveless-speedsuit\/\",\"name\":\"Nike 2024 Pro Elite Team Sleeveless Speedsuit | Trackandfieldclothes\",\"isPartOf\":{\"@id\":\"https:\/\/trackandfieldclothes.com\/#website\"},\"primaryImageOfPage\":{\"@id\":\"https:\/\/trackandfieldclothes.com\/nike-2024-pro-elite-team-sleeveless-speedsuit\/#primaryimage\"},\"image\":{\"@id\":\"https:\/\/trackandfieldclothes.com\/nike-2024-pro-elite-team-sleeveless-speedsuit\/#primaryimage\"},\"thumbnailUrl\":\"https:\/\/trackandfieldclothes.com\/wp-content\/uploads\/2024\/09\/031F9B32-8B70-4BBF-A0A0-C55DA2E36874.jpg\",\"datePublished\":\"2024-06-02T10:54:10+00:00\",\"dateModified\":\"2026-03-02T21:41:31+00:00\",\"breadcrumb\":{\"@id\":\"https:\/\/trackandfieldclothes.com\/nike-2024-pro-elite-team-sleeveless-speedsuit\/#breadcrumb\"},\"inLanguage\":\"de\",\"potentialAction\":[{\"@type\":\"ReadAction\",\"target\":[\"https:\/\/trackandfieldclothes.com\/nike-2024-pro-elite-team-sleeveless-speedsuit\/\"]}]},{\"@type\":\"ImageObject\",\"inLanguage\":\"de\",\"@id\":\"https:\/\/trackandfieldclothes.com\/nike-2024-pro-elite-team-sleeveless-speedsuit\/#primaryimage\",\"url\":\"https:\/\/trackandfieldclothes.com\/wp-content\/uploads\/2024\/09\/031F9B32-8B70-4BBF-A0A0-C55DA2E36874.jpg\",\"contentUrl\":\"https:\/\/trackandfieldclothes.com\/wp-content\/uploads\/2024\/09\/031F9B32-8B70-4BBF-A0A0-C55DA2E36874.jpg\",\"width\":1290,\"height\":1285},{\"@type\":\"BreadcrumbList\",\"@id\":\"https:\/\/trackandfieldclothes.com\/nike-2024-pro-elite-team-sleeveless-speedsuit\/#breadcrumb\",\"itemListElement\":[{\"@type\":\"ListItem\",\"position\":1,\"name\":\"Home\",\"item\":\"https:\/\/trackandfieldclothes.com\/\"},{\"@type\":\"ListItem\",\"position\":2,\"name\":\"Shop\",\"item\":\"https:\/\/trackandfieldclothes.com\/shop\/\"},{\"@type\":\"ListItem\",\"position\":3,\"name\":\"Nike 2024 Pro Elite Team Sleeveless Speedsuit\"}]},{\"@type\":\"WebSite\",\"@id\":\"https:\/\/trackandfieldclothes.com\/#website\",\"url\":\"https:\/\/trackandfieldclothes.com\/\",\"name\":\"Trackandfieldclothes\",\"description\":\"Trackandfieldclothes\",\"publisher\":{\"@id\":\"https:\/\/trackandfieldclothes.com\/#organization\"},\"potentialAction\":[{\"@type\":\"SearchAction\",\"target\":{\"@type\":\"EntryPoint\",\"urlTemplate\":\"https:\/\/trackandfieldclothes.com\/?s={search_term_string}\"},\"query-input\":{\"@type\":\"PropertyValueSpecification\",\"valueRequired\":true,\"valueName\":\"search_term_string\"}}],\"inLanguage\":\"de\"},{\"@type\":\"Organization\",\"@id\":\"https:\/\/trackandfieldclothes.com\/#organization\",\"name\":\"Trackandfieldclothes\",\"url\":\"https:\/\/trackandfieldclothes.com\/\",\"logo\":{\"@type\":\"ImageObject\",\"inLanguage\":\"de\",\"@id\":\"https:\/\/trackandfieldclothes.com\/#\/schema\/logo\/image\/\",\"url\":\"https:\/\/trackandfieldclothes.com\/wp-content\/uploads\/2022\/03\/logo-sin-fondo-2-2.jpg\",\"contentUrl\":\"https:\/\/trackandfieldclothes.com\/wp-content\/uploads\/2022\/03\/logo-sin-fondo-2-2.jpg\",\"width\":300,\"height\":300,\"caption\":\"Trackandfieldclothes\"},\"image\":{\"@id\":\"https:\/\/trackandfieldclothes.com\/#\/schema\/logo\/image\/\"},\"sameAs\":[\"https:\/\/www.facebook.com\/TrackandFieldClothes\",\"https:\/\/www.instagram.com\/trackandfieldclothes\"]}]}<\/script>\n<!-- \/ Yoast SEO plugin. -->","yoast_head_json":{"title":"Nike 2024 Pro Elite Team Sleeveless Speedsuit | Trackandfieldclothes","robots":{"index":"index","follow":"follow","max-snippet":"max-snippet:-1","max-image-preview":"max-image-preview:large","max-video-preview":"max-video-preview:-1"},"canonical":"https:\/\/trackandfieldclothes.com\/de\/nike-2024-pro-elite-team-sleeveless-speedsuit\/","og_locale":"de_DE","og_type":"article","og_title":"Nike 2024 Pro Elite Team Sleeveless Speedsuit | Trackandfieldclothes","og_description":"The same ones used by the professional athletes contracted by the Nike International Team during the 2024 season. This year's kit design was inspired by Dusky cool neutrals transition into vibrant joyful shades of diffused neon's. Embracing the repetition it takes to reach the levels of performance of an elite athlete.   100% Authentic  Color: Fuchsia \/ Smoke Grey \/ Black \/ Luminous Green  Body: 83% Polyester - 17% Elastane \/ Panels: 86% Polyester - 14% Elastane \/ Panels lining: 88% Polyester - 12% Elastane  Dri-Fit ADV  Breathable: perforated material for breathability  Lightweight  Z\u00edper closure at chest  Worn by a professional athlete in perfect condition. Tag cut  Made in USA","og_url":"https:\/\/trackandfieldclothes.com\/de\/nike-2024-pro-elite-team-sleeveless-speedsuit\/","og_site_name":"Trackandfieldclothes","article_publisher":"https:\/\/www.facebook.com\/TrackandFieldClothes","article_modified_time":"2026-03-02T21:41:31+00:00","og_image":[{"width":1290,"height":1285,"url":"https:\/\/trackandfieldclothes.com\/wp-content\/uploads\/2024\/09\/031F9B32-8B70-4BBF-A0A0-C55DA2E36874.jpg","type":"image\/jpeg"}],"twitter_card":"summary_large_image","twitter_misc":{"Gesch\u00e4tzte Lesezeit":"1\u00a0Minute"},"schema":{"@context":"https:\/\/schema.org","@graph":[{"@type":"WebPage","@id":"https:\/\/trackandfieldclothes.com\/nike-2024-pro-elite-team-sleeveless-speedsuit\/","url":"https:\/\/trackandfieldclothes.com\/nike-2024-pro-elite-team-sleeveless-speedsuit\/","name":"Nike 2024 Pro Elite Team Sleeveless Speedsuit | Trackandfieldclothes","isPartOf":{"@id":"https:\/\/trackandfieldclothes.com\/#website"},"primaryImageOfPage":{"@id":"https:\/\/trackandfieldclothes.com\/nike-2024-pro-elite-team-sleeveless-speedsuit\/#primaryimage"},"image":{"@id":"https:\/\/trackandfieldclothes.com\/nike-2024-pro-elite-team-sleeveless-speedsuit\/#primaryimage"},"thumbnailUrl":"https:\/\/trackandfieldclothes.com\/wp-content\/uploads\/2024\/09\/031F9B32-8B70-4BBF-A0A0-C55DA2E36874.jpg","datePublished":"2024-06-02T10:54:10+00:00","dateModified":"2026-03-02T21:41:31+00:00","breadcrumb":{"@id":"https:\/\/trackandfieldclothes.com\/nike-2024-pro-elite-team-sleeveless-speedsuit\/#breadcrumb"},"inLanguage":"de","potentialAction":[{"@type":"ReadAction","target":["https:\/\/trackandfieldclothes.com\/nike-2024-pro-elite-team-sleeveless-speedsuit\/"]}]},{"@type":"ImageObject","inLanguage":"de","@id":"https:\/\/trackandfieldclothes.com\/nike-2024-pro-elite-team-sleeveless-speedsuit\/#primaryimage","url":"https:\/\/trackandfieldclothes.com\/wp-content\/uploads\/2024\/09\/031F9B32-8B70-4BBF-A0A0-C55DA2E36874.jpg","contentUrl":"https:\/\/trackandfieldclothes.com\/wp-content\/uploads\/2024\/09\/031F9B32-8B70-4BBF-A0A0-C55DA2E36874.jpg","width":1290,"height":1285},{"@type":"BreadcrumbList","@id":"https:\/\/trackandfieldclothes.com\/nike-2024-pro-elite-team-sleeveless-speedsuit\/#breadcrumb","itemListElement":[{"@type":"ListItem","position":1,"name":"Home","item":"https:\/\/trackandfieldclothes.com\/"},{"@type":"ListItem","position":2,"name":"Shop","item":"https:\/\/trackandfieldclothes.com\/shop\/"},{"@type":"ListItem","position":3,"name":"Nike 2024 Pro Elite Team Sleeveless Speedsuit"}]},{"@type":"WebSite","@id":"https:\/\/trackandfieldclothes.com\/#website","url":"https:\/\/trackandfieldclothes.com\/","name":"Trackandfieldclothes","description":"Trackandfieldclothes","publisher":{"@id":"https:\/\/trackandfieldclothes.com\/#organization"},"potentialAction":[{"@type":"SearchAction","target":{"@type":"EntryPoint","urlTemplate":"https:\/\/trackandfieldclothes.com\/?s={search_term_string}"},"query-input":{"@type":"PropertyValueSpecification","valueRequired":true,"valueName":"search_term_string"}}],"inLanguage":"de"},{"@type":"Organization","@id":"https:\/\/trackandfieldclothes.com\/#organization","name":"Trackandfieldclothes","url":"https:\/\/trackandfieldclothes.com\/","logo":{"@type":"ImageObject","inLanguage":"de","@id":"https:\/\/trackandfieldclothes.com\/#\/schema\/logo\/image\/","url":"https:\/\/trackandfieldclothes.com\/wp-content\/uploads\/2022\/03\/logo-sin-fondo-2-2.jpg","contentUrl":"https:\/\/trackandfieldclothes.com\/wp-content\/uploads\/2022\/03\/logo-sin-fondo-2-2.jpg","width":300,"height":300,"caption":"Trackandfieldclothes"},"image":{"@id":"https:\/\/trackandfieldclothes.com\/#\/schema\/logo\/image\/"},"sameAs":["https:\/\/www.facebook.com\/TrackandFieldClothes","https:\/\/www.instagram.com\/trackandfieldclothes"]}]}},"jetpack_sharing_enabled":true,"_links":{"self":[{"href":"https:\/\/trackandfieldclothes.com\/de\/wp-json\/wp\/v2\/product\/29042","targetHints":{"allow":["GET"]}}],"collection":[{"href":"https:\/\/trackandfieldclothes.com\/de\/wp-json\/wp\/v2\/product"}],"about":[{"href":"https:\/\/trackandfieldclothes.com\/de\/wp-json\/wp\/v2\/types\/product"}],"version-history":[{"count":3,"href":"https:\/\/trackandfieldclothes.com\/de\/wp-json\/wp\/v2\/product\/29042\/revisions"}],"predecessor-version":[{"id":45153,"href":"https:\/\/trackandfieldclothes.com\/de\/wp-json\/wp\/v2\/product\/29042\/revisions\/45153"}],"wp:featuredmedia":[{"embeddable":true,"href":"https:\/\/trackandfieldclothes.com\/de\/wp-json\/wp\/v2\/media\/29046"}],"wp:attachment":[{"href":"https:\/\/trackandfieldclothes.com\/de\/wp-json\/wp\/v2\/media?parent=29042"}],"wp:term":[{"taxonomy":"product_brand","embeddable":true,"href":"https:\/\/trackandfieldclothes.com\/de\/wp-json\/wp\/v2\/product_brand?post=29042"},{"taxonomy":"product_cat","embeddable":true,"href":"https:\/\/trackandfieldclothes.com\/de\/wp-json\/wp\/v2\/product_cat?post=29042"},{"taxonomy":"product_tag","embeddable":true,"href":"https:\/\/trackandfieldclothes.com\/de\/wp-json\/wp\/v2\/product_tag?post=29042"},{"taxonomy":"giftcard-category","embeddable":true,"href":"https:\/\/trackandfieldclothes.com\/de\/wp-json\/wp\/v2\/giftcard-category?post=29042"}],"curies":[{"name":"wp","href":"https:\/\/api.w.org\/{rel}","templated":true}]}}